{"id":105,"date":"2017-11-16T09:18:29","date_gmt":"2017-11-16T08:18:29","guid":{"rendered":"http:\/\/www.adelaneumannova.cz\/?page_id=105"},"modified":"2018-01-01T12:22:49","modified_gmt":"2018-01-01T11:22:49","slug":"video_ostatni","status":"publish","type":"page","link":"https:\/\/www.adelaneumannova.cz\/index.php\/video_ostatni\/","title":{"rendered":"Video_ostatni"},"content":{"rendered":"<p>[et_pb_section fb_built=&#8220;1&#8243; _builder_version=&#8220;3.0.92&#8243; custom_padding=&#8220;40px|0px|392px|0px&#8220;][et_pb_row _builder_version=&#8220;3.0.92&#8243;][et_pb_column type=&#8220;4_4&#8243; _builder_version=&#8220;3.0.92&#8243; parallax=&#8220;off&#8220; parallax_method=&#8220;on&#8220;][et_pb_text _builder_version=&#8220;3.0.92&#8243;]<\/p>\n<p><span>S\u00e9rie soust\u0159ed\u011bn\u00ed s\u00a0holandskou tren\u00e9rkou a FEI rozhod\u010d\u00ed Monique Peutz-Vegter.<\/span><\/p>\n<p><span>12\/2017<\/span><\/p>\n<p>[\/et_pb_text][\/et_pb_column][\/et_pb_row][et_pb_row custom_padding=&#8220;42px|0px|27px|0px&#8220; _builder_version=&#8220;3.0.92&#8243; module_alignment=&#8220;center&#8220; animation_style=&#8220;zoom&#8220;][et_pb_column type=&#8220;1_2&#8243; _builder_version=&#8220;3.0.92&#8243; parallax=&#8220;off&#8220; parallax_method=&#8220;on&#8220;][et_pb_video src=&#8220;https:\/\/www.adelaneumannova.cz\/wp-content\/uploads\/2017\/12\/an_2-2.mov&#8220; _builder_version=&#8220;3.0.92&#8243; max_width=&#8220;70%&#8220; max_width_tablet=&#8220;70%&#8220; max_width_phone=&#8220;70%&#8220; max_width_last_edited=&#8220;on|desktop&#8220;][\/et_pb_video][\/et_pb_column][et_pb_column type=&#8220;1_2&#8243; _builder_version=&#8220;3.0.92&#8243; parallax=&#8220;off&#8220; parallax_method=&#8220;on&#8220;][et_pb_video src=&#8220;https:\/\/www.adelaneumannova.cz\/wp-content\/uploads\/2017\/12\/an_2-1.mov&#8220; _builder_version=&#8220;3.0.92&#8243; max_width=&#8220;70%&#8220;][\/et_pb_video][\/et_pb_column][\/et_pb_row][\/et_pb_section]<\/p>\n","protected":false},"excerpt":{"rendered":"<p>S\u00e9rie soust\u0159ed\u011bn\u00ed s\u00a0holandskou tren\u00e9rkou a FEI rozhod\u010d\u00ed Monique Peutz-Vegter. 12\/2017<\/p>\n","protected":false},"author":1,"featured_media":0,"parent":0,"menu_order":0,"comment_status":"closed","ping_status":"closed","template":"","meta":{"_et_pb_use_builder":"on","_et_pb_old_content":"","_et_gb_content_width":"","footnotes":""},"class_list":["post-105","page","type-page","status-publish","hentry"],"yoast_head":"<!-- This site is optimized with the Yoast SEO plugin v27.4 - https:\/\/yoast.com\/product\/yoast-seo-wordpress\/ -->\n<title>Video_ostatni - Ad\u00e9la Neumannov\u00e1<\/title>\n<meta name=\"robots\" content=\"index, follow, max-snippet:-1, max-image-preview:large, max-video-preview:-1\" \/>\n<link rel=\"canonical\" href=\"https:\/\/www.adelaneumannova.cz\/index.php\/video_ostatni\/\" \/>\n<meta property=\"og:locale\" content=\"cs_CZ\" \/>\n<meta property=\"og:type\" content=\"article\" \/>\n<meta property=\"og:title\" content=\"Video_ostatni - Ad\u00e9la Neumannov\u00e1\" \/>\n<meta property=\"og:description\" content=\"S\u00e9rie soust\u0159ed\u011bn\u00ed s\u00a0holandskou tren\u00e9rkou a FEI rozhod\u010d\u00ed Monique Peutz-Vegter. 12\/2017\" \/>\n<meta property=\"og:url\" content=\"https:\/\/www.adelaneumannova.cz\/index.php\/video_ostatni\/\" \/>\n<meta property=\"og:site_name\" content=\"Ad\u00e9la Neumannov\u00e1\" \/>\n<meta property=\"article:modified_time\" content=\"2018-01-01T11:22:49+00:00\" \/>\n<meta name=\"twitter:card\" content=\"summary_large_image\" \/>\n<meta name=\"twitter:label1\" content=\"Odhadovan\u00e1 doba \u010dten\u00ed\" \/>\n\t<meta name=\"twitter:data1\" content=\"1 minuta\" \/>\n<script type=\"application\/ld+json\" class=\"yoast-schema-graph\">{\"@context\":\"https:\\\/\\\/schema.org\",\"@graph\":[{\"@type\":\"WebPage\",\"@id\":\"https:\\\/\\\/www.adelaneumannova.cz\\\/index.php\\\/video_ostatni\\\/\",\"url\":\"https:\\\/\\\/www.adelaneumannova.cz\\\/index.php\\\/video_ostatni\\\/\",\"name\":\"Video_ostatni - Ad\u00e9la Neumannov\u00e1\",\"isPartOf\":{\"@id\":\"https:\\\/\\\/www.adelaneumannova.cz\\\/#website\"},\"datePublished\":\"2017-11-16T08:18:29+00:00\",\"dateModified\":\"2018-01-01T11:22:49+00:00\",\"breadcrumb\":{\"@id\":\"https:\\\/\\\/www.adelaneumannova.cz\\\/index.php\\\/video_ostatni\\\/#breadcrumb\"},\"inLanguage\":\"cs\",\"potentialAction\":[{\"@type\":\"ReadAction\",\"target\":[\"https:\\\/\\\/www.adelaneumannova.cz\\\/index.php\\\/video_ostatni\\\/\"]}]},{\"@type\":\"BreadcrumbList\",\"@id\":\"https:\\\/\\\/www.adelaneumannova.cz\\\/index.php\\\/video_ostatni\\\/#breadcrumb\",\"itemListElement\":[{\"@type\":\"ListItem\",\"position\":1,\"name\":\"Dom\u016f\",\"item\":\"https:\\\/\\\/www.adelaneumannova.cz\\\/\"},{\"@type\":\"ListItem\",\"position\":2,\"name\":\"Video_ostatni\"}]},{\"@type\":\"WebSite\",\"@id\":\"https:\\\/\\\/www.adelaneumannova.cz\\\/#website\",\"url\":\"https:\\\/\\\/www.adelaneumannova.cz\\\/\",\"name\":\"Ad\u00e9la Neumannov\u00e1\",\"description\":\"Drez\u00fara\",\"potentialAction\":[{\"@type\":\"SearchAction\",\"target\":{\"@type\":\"EntryPoint\",\"urlTemplate\":\"https:\\\/\\\/www.adelaneumannova.cz\\\/?s={search_term_string}\"},\"query-input\":{\"@type\":\"PropertyValueSpecification\",\"valueRequired\":true,\"valueName\":\"search_term_string\"}}],\"inLanguage\":\"cs\"}]}<\/script>\n<!-- \/ Yoast SEO plugin. -->","yoast_head_json":{"title":"Video_ostatni - Ad\u00e9la Neumannov\u00e1","robots":{"index":"index","follow":"follow","max-snippet":"max-snippet:-1","max-image-preview":"max-image-preview:large","max-video-preview":"max-video-preview:-1"},"canonical":"https:\/\/www.adelaneumannova.cz\/index.php\/video_ostatni\/","og_locale":"cs_CZ","og_type":"article","og_title":"Video_ostatni - Ad\u00e9la Neumannov\u00e1","og_description":"S\u00e9rie soust\u0159ed\u011bn\u00ed s\u00a0holandskou tren\u00e9rkou a FEI rozhod\u010d\u00ed Monique Peutz-Vegter. 12\/2017","og_url":"https:\/\/www.adelaneumannova.cz\/index.php\/video_ostatni\/","og_site_name":"Ad\u00e9la Neumannov\u00e1","article_modified_time":"2018-01-01T11:22:49+00:00","twitter_card":"summary_large_image","twitter_misc":{"Odhadovan\u00e1 doba \u010dten\u00ed":"1 minuta"},"schema":{"@context":"https:\/\/schema.org","@graph":[{"@type":"WebPage","@id":"https:\/\/www.adelaneumannova.cz\/index.php\/video_ostatni\/","url":"https:\/\/www.adelaneumannova.cz\/index.php\/video_ostatni\/","name":"Video_ostatni - Ad\u00e9la Neumannov\u00e1","isPartOf":{"@id":"https:\/\/www.adelaneumannova.cz\/#website"},"datePublished":"2017-11-16T08:18:29+00:00","dateModified":"2018-01-01T11:22:49+00:00","breadcrumb":{"@id":"https:\/\/www.adelaneumannova.cz\/index.php\/video_ostatni\/#breadcrumb"},"inLanguage":"cs","potentialAction":[{"@type":"ReadAction","target":["https:\/\/www.adelaneumannova.cz\/index.php\/video_ostatni\/"]}]},{"@type":"BreadcrumbList","@id":"https:\/\/www.adelaneumannova.cz\/index.php\/video_ostatni\/#breadcrumb","itemListElement":[{"@type":"ListItem","position":1,"name":"Dom\u016f","item":"https:\/\/www.adelaneumannova.cz\/"},{"@type":"ListItem","position":2,"name":"Video_ostatni"}]},{"@type":"WebSite","@id":"https:\/\/www.adelaneumannova.cz\/#website","url":"https:\/\/www.adelaneumannova.cz\/","name":"Ad\u00e9la Neumannov\u00e1","description":"Drez\u00fara","potentialAction":[{"@type":"SearchAction","target":{"@type":"EntryPoint","urlTemplate":"https:\/\/www.adelaneumannova.cz\/?s={search_term_string}"},"query-input":{"@type":"PropertyValueSpecification","valueRequired":true,"valueName":"search_term_string"}}],"inLanguage":"cs"}]}},"_links":{"self":[{"href":"https:\/\/www.adelaneumannova.cz\/index.php\/wp-json\/wp\/v2\/pages\/105","targetHints":{"allow":["GET"]}}],"collection":[{"href":"https:\/\/www.adelaneumannova.cz\/index.php\/wp-json\/wp\/v2\/pages"}],"about":[{"href":"https:\/\/www.adelaneumannova.cz\/index.php\/wp-json\/wp\/v2\/types\/page"}],"author":[{"embeddable":true,"href":"https:\/\/www.adelaneumannova.cz\/index.php\/wp-json\/wp\/v2\/users\/1"}],"replies":[{"embeddable":true,"href":"https:\/\/www.adelaneumannova.cz\/index.php\/wp-json\/wp\/v2\/comments?post=105"}],"version-history":[{"count":5,"href":"https:\/\/www.adelaneumannova.cz\/index.php\/wp-json\/wp\/v2\/pages\/105\/revisions"}],"predecessor-version":[{"id":565,"href":"https:\/\/www.adelaneumannova.cz\/index.php\/wp-json\/wp\/v2\/pages\/105\/revisions\/565"}],"wp:attachment":[{"href":"https:\/\/www.adelaneumannova.cz\/index.php\/wp-json\/wp\/v2\/media?parent=105"}],"curies":[{"name":"wp","href":"https:\/\/api.w.org\/{rel}","templated":true}]}}