{"id":1326,"date":"2018-04-19T15:04:07","date_gmt":"2018-04-19T13:04:07","guid":{"rendered":"https:\/\/www.adelaneumannova.cz\/?page_id=1326"},"modified":"2018-04-19T20:36:36","modified_gmt":"2018-04-19T18:36:36","slug":"video_na-jizdarne","status":"publish","type":"page","link":"https:\/\/www.adelaneumannova.cz\/index.php\/video_na-jizdarne\/","title":{"rendered":"Video na j\u00edzd\u00e1rn\u011b"},"content":{"rendered":"<p>[et_pb_section bb_built=&#8220;1&#8243;][et_pb_row][et_pb_column type=&#8220;4_4&#8243;][et_pb_text _builder_version=&#8220;3.0.106&#8243; background_layout=&#8220;light&#8220;]<\/p>\n<h5 style=\"text-align: center;\">P\u0159i\u0161lo jaro, jak jinak, ne\u017e i na h\u0159ebce 19.4.2018 &#8211; pr\u00e1v\u011b se chud\u011brka vzbudil \ud83d\ude42 <b>foto &#8211; video<\/b><\/h5>\n<p>[\/et_pb_text][et_pb_image _builder_version=&#8220;3.0.106&#8243; src=&#8220;https:\/\/www.adelaneumannova.cz\/wp-content\/uploads\/2018\/04\/Haji_se_prave_probudil_04_2018_2.jpg&#8220; show_in_lightbox=&#8220;off&#8220; url_new_window=&#8220;off&#8220; use_overlay=&#8220;off&#8220; always_center_on_mobile=&#8220;on&#8220; force_fullwidth=&#8220;off&#8220; show_bottom_space=&#8220;on&#8220; align=&#8220;center&#8220; box_shadow_style=&#8220;preset1&#8243; animation_style=&#8220;roll&#8220; \/][et_pb_video _builder_version=&#8220;3.0.106&#8243; src=&#8220;https:\/\/www.adelaneumannova.cz\/wp-content\/uploads\/2018\/04\/Haji_19_04_20181.webm&#8220; src_webm=&#8220;https:\/\/www.adelaneumannova.cz\/wp-content\/uploads\/2018\/04\/Haji_19_04_20181.webm&#8220; \/][\/et_pb_column][\/et_pb_row][\/et_pb_section]<\/p>\n","protected":false},"excerpt":{"rendered":"<p><div class=\"et_pb_row et_pb_row_0 et_pb_row_empty\">\n\t\t\t\t\n\t\t\t\t\n\t\t\t\t\n\t\t\t\t\n\t\t\t\t\n\t\t\t<\/div> P\u0159i\u0161lo jaro, jak jinak, ne\u017e i na h\u0159ebce 19.4.2018 &#8211; pr\u00e1v\u011b se chud\u011brka vzbudil \ud83d\ude42 foto &#8211; video<\/p>\n","protected":false},"author":1,"featured_media":0,"parent":0,"menu_order":0,"comment_status":"closed","ping_status":"closed","template":"","meta":{"_et_pb_use_builder":"on","_et_pb_old_content":"","_et_gb_content_width":"","footnotes":""},"class_list":["post-1326","page","type-page","status-publish","hentry"],"yoast_head":"<!-- This site is optimized with the Yoast SEO plugin v27.4 - https:\/\/yoast.com\/product\/yoast-seo-wordpress\/ -->\n<title>Video na j\u00edzd\u00e1rn\u011b - Ad\u00e9la Neumannov\u00e1<\/title>\n<meta name=\"robots\" content=\"index, follow, max-snippet:-1, max-image-preview:large, max-video-preview:-1\" \/>\n<link rel=\"canonical\" href=\"https:\/\/www.adelaneumannova.cz\/index.php\/video_na-jizdarne\/\" \/>\n<meta property=\"og:locale\" content=\"cs_CZ\" \/>\n<meta property=\"og:type\" content=\"article\" \/>\n<meta property=\"og:title\" content=\"Video na j\u00edzd\u00e1rn\u011b - Ad\u00e9la Neumannov\u00e1\" \/>\n<meta property=\"og:description\" content=\"P\u0159i\u0161lo jaro, jak jinak, ne\u017e i na h\u0159ebce 19.4.2018 - pr\u00e1v\u011b se chud\u011brka vzbudil :-) foto - video\" \/>\n<meta property=\"og:url\" content=\"https:\/\/www.adelaneumannova.cz\/index.php\/video_na-jizdarne\/\" \/>\n<meta property=\"og:site_name\" content=\"Ad\u00e9la Neumannov\u00e1\" \/>\n<meta property=\"article:modified_time\" content=\"2018-04-19T18:36:36+00:00\" \/>\n<meta name=\"twitter:card\" content=\"summary_large_image\" \/>\n<meta name=\"twitter:label1\" content=\"Odhadovan\u00e1 doba \u010dten\u00ed\" \/>\n\t<meta name=\"twitter:data1\" content=\"1 minuta\" \/>\n<script type=\"application\/ld+json\" class=\"yoast-schema-graph\">{\"@context\":\"https:\\\/\\\/schema.org\",\"@graph\":[{\"@type\":\"WebPage\",\"@id\":\"https:\\\/\\\/www.adelaneumannova.cz\\\/index.php\\\/video_na-jizdarne\\\/\",\"url\":\"https:\\\/\\\/www.adelaneumannova.cz\\\/index.php\\\/video_na-jizdarne\\\/\",\"name\":\"Video na j\u00edzd\u00e1rn\u011b - Ad\u00e9la Neumannov\u00e1\",\"isPartOf\":{\"@id\":\"https:\\\/\\\/www.adelaneumannova.cz\\\/#website\"},\"datePublished\":\"2018-04-19T13:04:07+00:00\",\"dateModified\":\"2018-04-19T18:36:36+00:00\",\"breadcrumb\":{\"@id\":\"https:\\\/\\\/www.adelaneumannova.cz\\\/index.php\\\/video_na-jizdarne\\\/#breadcrumb\"},\"inLanguage\":\"cs\",\"potentialAction\":[{\"@type\":\"ReadAction\",\"target\":[\"https:\\\/\\\/www.adelaneumannova.cz\\\/index.php\\\/video_na-jizdarne\\\/\"]}]},{\"@type\":\"BreadcrumbList\",\"@id\":\"https:\\\/\\\/www.adelaneumannova.cz\\\/index.php\\\/video_na-jizdarne\\\/#breadcrumb\",\"itemListElement\":[{\"@type\":\"ListItem\",\"position\":1,\"name\":\"Dom\u016f\",\"item\":\"https:\\\/\\\/www.adelaneumannova.cz\\\/\"},{\"@type\":\"ListItem\",\"position\":2,\"name\":\"Video na j\u00edzd\u00e1rn\u011b\"}]},{\"@type\":\"WebSite\",\"@id\":\"https:\\\/\\\/www.adelaneumannova.cz\\\/#website\",\"url\":\"https:\\\/\\\/www.adelaneumannova.cz\\\/\",\"name\":\"Ad\u00e9la Neumannov\u00e1\",\"description\":\"Drez\u00fara\",\"potentialAction\":[{\"@type\":\"SearchAction\",\"target\":{\"@type\":\"EntryPoint\",\"urlTemplate\":\"https:\\\/\\\/www.adelaneumannova.cz\\\/?s={search_term_string}\"},\"query-input\":{\"@type\":\"PropertyValueSpecification\",\"valueRequired\":true,\"valueName\":\"search_term_string\"}}],\"inLanguage\":\"cs\"}]}<\/script>\n<!-- \/ Yoast SEO plugin. -->","yoast_head_json":{"title":"Video na j\u00edzd\u00e1rn\u011b - Ad\u00e9la Neumannov\u00e1","robots":{"index":"index","follow":"follow","max-snippet":"max-snippet:-1","max-image-preview":"max-image-preview:large","max-video-preview":"max-video-preview:-1"},"canonical":"https:\/\/www.adelaneumannova.cz\/index.php\/video_na-jizdarne\/","og_locale":"cs_CZ","og_type":"article","og_title":"Video na j\u00edzd\u00e1rn\u011b - Ad\u00e9la Neumannov\u00e1","og_description":"P\u0159i\u0161lo jaro, jak jinak, ne\u017e i na h\u0159ebce 19.4.2018 - pr\u00e1v\u011b se chud\u011brka vzbudil :-) foto - video","og_url":"https:\/\/www.adelaneumannova.cz\/index.php\/video_na-jizdarne\/","og_site_name":"Ad\u00e9la Neumannov\u00e1","article_modified_time":"2018-04-19T18:36:36+00:00","twitter_card":"summary_large_image","twitter_misc":{"Odhadovan\u00e1 doba \u010dten\u00ed":"1 minuta"},"schema":{"@context":"https:\/\/schema.org","@graph":[{"@type":"WebPage","@id":"https:\/\/www.adelaneumannova.cz\/index.php\/video_na-jizdarne\/","url":"https:\/\/www.adelaneumannova.cz\/index.php\/video_na-jizdarne\/","name":"Video na j\u00edzd\u00e1rn\u011b - Ad\u00e9la Neumannov\u00e1","isPartOf":{"@id":"https:\/\/www.adelaneumannova.cz\/#website"},"datePublished":"2018-04-19T13:04:07+00:00","dateModified":"2018-04-19T18:36:36+00:00","breadcrumb":{"@id":"https:\/\/www.adelaneumannova.cz\/index.php\/video_na-jizdarne\/#breadcrumb"},"inLanguage":"cs","potentialAction":[{"@type":"ReadAction","target":["https:\/\/www.adelaneumannova.cz\/index.php\/video_na-jizdarne\/"]}]},{"@type":"BreadcrumbList","@id":"https:\/\/www.adelaneumannova.cz\/index.php\/video_na-jizdarne\/#breadcrumb","itemListElement":[{"@type":"ListItem","position":1,"name":"Dom\u016f","item":"https:\/\/www.adelaneumannova.cz\/"},{"@type":"ListItem","position":2,"name":"Video na j\u00edzd\u00e1rn\u011b"}]},{"@type":"WebSite","@id":"https:\/\/www.adelaneumannova.cz\/#website","url":"https:\/\/www.adelaneumannova.cz\/","name":"Ad\u00e9la Neumannov\u00e1","description":"Drez\u00fara","potentialAction":[{"@type":"SearchAction","target":{"@type":"EntryPoint","urlTemplate":"https:\/\/www.adelaneumannova.cz\/?s={search_term_string}"},"query-input":{"@type":"PropertyValueSpecification","valueRequired":true,"valueName":"search_term_string"}}],"inLanguage":"cs"}]}},"_links":{"self":[{"href":"https:\/\/www.adelaneumannova.cz\/index.php\/wp-json\/wp\/v2\/pages\/1326","targetHints":{"allow":["GET"]}}],"collection":[{"href":"https:\/\/www.adelaneumannova.cz\/index.php\/wp-json\/wp\/v2\/pages"}],"about":[{"href":"https:\/\/www.adelaneumannova.cz\/index.php\/wp-json\/wp\/v2\/types\/page"}],"author":[{"embeddable":true,"href":"https:\/\/www.adelaneumannova.cz\/index.php\/wp-json\/wp\/v2\/users\/1"}],"replies":[{"embeddable":true,"href":"https:\/\/www.adelaneumannova.cz\/index.php\/wp-json\/wp\/v2\/comments?post=1326"}],"version-history":[{"count":12,"href":"https:\/\/www.adelaneumannova.cz\/index.php\/wp-json\/wp\/v2\/pages\/1326\/revisions"}],"predecessor-version":[{"id":1347,"href":"https:\/\/www.adelaneumannova.cz\/index.php\/wp-json\/wp\/v2\/pages\/1326\/revisions\/1347"}],"wp:attachment":[{"href":"https:\/\/www.adelaneumannova.cz\/index.php\/wp-json\/wp\/v2\/media?parent=1326"}],"curies":[{"name":"wp","href":"https:\/\/api.w.org\/{rel}","templated":true}]}}