{"id":1420,"date":"2018-05-13T12:24:17","date_gmt":"2018-05-13T10:24:17","guid":{"rendered":"https:\/\/www.adelaneumannova.cz\/?page_id=1420"},"modified":"2018-05-13T14:32:23","modified_gmt":"2018-05-13T12:32:23","slug":"k-vary_stara-role_05_2018","status":"publish","type":"page","link":"https:\/\/www.adelaneumannova.cz\/index.php\/fotogalerie\/k-vary_stara-role_05_2018\/","title":{"rendered":"K.Vary_Star\u00e1 Role_05_2018"},"content":{"rendered":"<p>[et_pb_section bb_built=&#8220;1&#8243;][et_pb_row][et_pb_column type=&#8220;4_4&#8243;][et_pb_text _builder_version=&#8220;3.2&#8243;]<\/p>\n<h2 style=\"text-align: center;\">Star\u00e1 Role 12.5. 2018<\/h2>\n<p>[\/et_pb_text][et_pb_image _builder_version=&#8220;3.2&#8243; src=&#8220;https:\/\/www.adelaneumannova.cz\/wp-content\/uploads\/2018\/05\/26.png&#8220; align=&#8220;center&#8220; max_width=&#8220;79%&#8220; max_width_last_edited=&#8220;on|phone&#8220; max_width_phone=&#8220;85%&#8220; max_width_tablet=&#8220;49%&#8220; \/][et_pb_gallery gallery_ids=&#8220;1429,1430,1431,1432,1433,1434,1435,1436,1437,1438,1441,1442,1444,1445,1446,1447,1448,1449,1450,1451,1452,1453,1454,1455,1456,1457,1458,1459,1460,1461,1463,1464,1466,1467,1470,1471,1472,1476,1477,1478,1479,1480,1483,1484,1485,1486,1487,1488,1489,1439,1443&#8243; gallery_captions=&#8220;dav,dav,mde,dav,dav,dav,dav,dav,dav,dav,dav,dav,dav,,dav,dav,,,,,,,,,,dav,dav,dav&#8220; posts_number=&#8220;20&#8243; show_title_and_caption=&#8220;off&#8220; box_shadow_style_image=&#8220;preset1&#8243; box_shadow_horizontal_image=&#8220;10px&#8220; box_shadow_vertical_image=&#8220;12px&#8220; _builder_version=&#8220;3.2&#8243; animation_style=&#8220;fold&#8220; saved_tabs=&#8220;all&#8220; zoom_icon_color=&#8220;#ededed&#8220; hover_overlay_color=&#8220;rgba(255,255,255,0.9)&#8220; pagination_font_size_tablet=&#8220;51&#8243; pagination_line_height_tablet=&#8220;2&#8243;]<\/p>\n<p>&nbsp;<\/p>\n<p>[\/et_pb_gallery][\/et_pb_column][\/et_pb_row][\/et_pb_section]<\/p>\n","protected":false},"excerpt":{"rendered":"<p><div class=\"et_pb_row et_pb_row_0 et_pb_row_empty\">\n\t\t\t\t\n\t\t\t\t\n\t\t\t\t\n\t\t\t\t\n\t\t\t\t\n\t\t\t<\/div> Star\u00e1 Role 12.5. 2018 &nbsp;<\/p>\n","protected":false},"author":1,"featured_media":0,"parent":34,"menu_order":0,"comment_status":"closed","ping_status":"closed","template":"","meta":{"_et_pb_use_builder":"on","_et_pb_old_content":"","_et_gb_content_width":"","footnotes":""},"class_list":["post-1420","page","type-page","status-publish","hentry"],"yoast_head":"<!-- This site is optimized with the Yoast SEO plugin v27.4 - https:\/\/yoast.com\/product\/yoast-seo-wordpress\/ -->\n<title>K.Vary_Star\u00e1 Role_05_2018 - Ad\u00e9la Neumannov\u00e1<\/title>\n<meta name=\"robots\" content=\"index, follow, max-snippet:-1, max-image-preview:large, max-video-preview:-1\" \/>\n<link rel=\"canonical\" href=\"https:\/\/www.adelaneumannova.cz\/index.php\/fotogalerie\/k-vary_stara-role_05_2018\/\" \/>\n<meta property=\"og:locale\" content=\"cs_CZ\" \/>\n<meta property=\"og:type\" content=\"article\" \/>\n<meta property=\"og:title\" content=\"K.Vary_Star\u00e1 Role_05_2018 - Ad\u00e9la Neumannov\u00e1\" \/>\n<meta property=\"og:description\" content=\"Star\u00e1 Role 12.5. 2018 &nbsp;\" \/>\n<meta property=\"og:url\" content=\"https:\/\/www.adelaneumannova.cz\/index.php\/fotogalerie\/k-vary_stara-role_05_2018\/\" \/>\n<meta property=\"og:site_name\" content=\"Ad\u00e9la Neumannov\u00e1\" \/>\n<meta property=\"article:modified_time\" content=\"2018-05-13T12:32:23+00:00\" \/>\n<meta name=\"twitter:card\" content=\"summary_large_image\" \/>\n<meta name=\"twitter:label1\" content=\"Odhadovan\u00e1 doba \u010dten\u00ed\" \/>\n\t<meta name=\"twitter:data1\" content=\"1 minuta\" \/>\n<script type=\"application\/ld+json\" class=\"yoast-schema-graph\">{\"@context\":\"https:\\\/\\\/schema.org\",\"@graph\":[{\"@type\":\"WebPage\",\"@id\":\"https:\\\/\\\/www.adelaneumannova.cz\\\/index.php\\\/fotogalerie\\\/k-vary_stara-role_05_2018\\\/\",\"url\":\"https:\\\/\\\/www.adelaneumannova.cz\\\/index.php\\\/fotogalerie\\\/k-vary_stara-role_05_2018\\\/\",\"name\":\"K.Vary_Star\u00e1 Role_05_2018 - Ad\u00e9la Neumannov\u00e1\",\"isPartOf\":{\"@id\":\"https:\\\/\\\/www.adelaneumannova.cz\\\/#website\"},\"datePublished\":\"2018-05-13T10:24:17+00:00\",\"dateModified\":\"2018-05-13T12:32:23+00:00\",\"breadcrumb\":{\"@id\":\"https:\\\/\\\/www.adelaneumannova.cz\\\/index.php\\\/fotogalerie\\\/k-vary_stara-role_05_2018\\\/#breadcrumb\"},\"inLanguage\":\"cs\",\"potentialAction\":[{\"@type\":\"ReadAction\",\"target\":[\"https:\\\/\\\/www.adelaneumannova.cz\\\/index.php\\\/fotogalerie\\\/k-vary_stara-role_05_2018\\\/\"]}]},{\"@type\":\"BreadcrumbList\",\"@id\":\"https:\\\/\\\/www.adelaneumannova.cz\\\/index.php\\\/fotogalerie\\\/k-vary_stara-role_05_2018\\\/#breadcrumb\",\"itemListElement\":[{\"@type\":\"ListItem\",\"position\":1,\"name\":\"Dom\u016f\",\"item\":\"https:\\\/\\\/www.adelaneumannova.cz\\\/\"},{\"@type\":\"ListItem\",\"position\":2,\"name\":\"Fotogalerie\",\"item\":\"https:\\\/\\\/www.adelaneumannova.cz\\\/index.php\\\/fotogalerie\\\/\"},{\"@type\":\"ListItem\",\"position\":3,\"name\":\"K.Vary_Star\u00e1 Role_05_2018\"}]},{\"@type\":\"WebSite\",\"@id\":\"https:\\\/\\\/www.adelaneumannova.cz\\\/#website\",\"url\":\"https:\\\/\\\/www.adelaneumannova.cz\\\/\",\"name\":\"Ad\u00e9la Neumannov\u00e1\",\"description\":\"Drez\u00fara\",\"potentialAction\":[{\"@type\":\"SearchAction\",\"target\":{\"@type\":\"EntryPoint\",\"urlTemplate\":\"https:\\\/\\\/www.adelaneumannova.cz\\\/?s={search_term_string}\"},\"query-input\":{\"@type\":\"PropertyValueSpecification\",\"valueRequired\":true,\"valueName\":\"search_term_string\"}}],\"inLanguage\":\"cs\"}]}<\/script>\n<!-- \/ Yoast SEO plugin. -->","yoast_head_json":{"title":"K.Vary_Star\u00e1 Role_05_2018 - Ad\u00e9la Neumannov\u00e1","robots":{"index":"index","follow":"follow","max-snippet":"max-snippet:-1","max-image-preview":"max-image-preview:large","max-video-preview":"max-video-preview:-1"},"canonical":"https:\/\/www.adelaneumannova.cz\/index.php\/fotogalerie\/k-vary_stara-role_05_2018\/","og_locale":"cs_CZ","og_type":"article","og_title":"K.Vary_Star\u00e1 Role_05_2018 - Ad\u00e9la Neumannov\u00e1","og_description":"Star\u00e1 Role 12.5. 2018 &nbsp;","og_url":"https:\/\/www.adelaneumannova.cz\/index.php\/fotogalerie\/k-vary_stara-role_05_2018\/","og_site_name":"Ad\u00e9la Neumannov\u00e1","article_modified_time":"2018-05-13T12:32:23+00:00","twitter_card":"summary_large_image","twitter_misc":{"Odhadovan\u00e1 doba \u010dten\u00ed":"1 minuta"},"schema":{"@context":"https:\/\/schema.org","@graph":[{"@type":"WebPage","@id":"https:\/\/www.adelaneumannova.cz\/index.php\/fotogalerie\/k-vary_stara-role_05_2018\/","url":"https:\/\/www.adelaneumannova.cz\/index.php\/fotogalerie\/k-vary_stara-role_05_2018\/","name":"K.Vary_Star\u00e1 Role_05_2018 - Ad\u00e9la Neumannov\u00e1","isPartOf":{"@id":"https:\/\/www.adelaneumannova.cz\/#website"},"datePublished":"2018-05-13T10:24:17+00:00","dateModified":"2018-05-13T12:32:23+00:00","breadcrumb":{"@id":"https:\/\/www.adelaneumannova.cz\/index.php\/fotogalerie\/k-vary_stara-role_05_2018\/#breadcrumb"},"inLanguage":"cs","potentialAction":[{"@type":"ReadAction","target":["https:\/\/www.adelaneumannova.cz\/index.php\/fotogalerie\/k-vary_stara-role_05_2018\/"]}]},{"@type":"BreadcrumbList","@id":"https:\/\/www.adelaneumannova.cz\/index.php\/fotogalerie\/k-vary_stara-role_05_2018\/#breadcrumb","itemListElement":[{"@type":"ListItem","position":1,"name":"Dom\u016f","item":"https:\/\/www.adelaneumannova.cz\/"},{"@type":"ListItem","position":2,"name":"Fotogalerie","item":"https:\/\/www.adelaneumannova.cz\/index.php\/fotogalerie\/"},{"@type":"ListItem","position":3,"name":"K.Vary_Star\u00e1 Role_05_2018"}]},{"@type":"WebSite","@id":"https:\/\/www.adelaneumannova.cz\/#website","url":"https:\/\/www.adelaneumannova.cz\/","name":"Ad\u00e9la Neumannov\u00e1","description":"Drez\u00fara","potentialAction":[{"@type":"SearchAction","target":{"@type":"EntryPoint","urlTemplate":"https:\/\/www.adelaneumannova.cz\/?s={search_term_string}"},"query-input":{"@type":"PropertyValueSpecification","valueRequired":true,"valueName":"search_term_string"}}],"inLanguage":"cs"}]}},"_links":{"self":[{"href":"https:\/\/www.adelaneumannova.cz\/index.php\/wp-json\/wp\/v2\/pages\/1420","targetHints":{"allow":["GET"]}}],"collection":[{"href":"https:\/\/www.adelaneumannova.cz\/index.php\/wp-json\/wp\/v2\/pages"}],"about":[{"href":"https:\/\/www.adelaneumannova.cz\/index.php\/wp-json\/wp\/v2\/types\/page"}],"author":[{"embeddable":true,"href":"https:\/\/www.adelaneumannova.cz\/index.php\/wp-json\/wp\/v2\/users\/1"}],"replies":[{"embeddable":true,"href":"https:\/\/www.adelaneumannova.cz\/index.php\/wp-json\/wp\/v2\/comments?post=1420"}],"version-history":[{"count":11,"href":"https:\/\/www.adelaneumannova.cz\/index.php\/wp-json\/wp\/v2\/pages\/1420\/revisions"}],"predecessor-version":[{"id":1495,"href":"https:\/\/www.adelaneumannova.cz\/index.php\/wp-json\/wp\/v2\/pages\/1420\/revisions\/1495"}],"up":[{"embeddable":true,"href":"https:\/\/www.adelaneumannova.cz\/index.php\/wp-json\/wp\/v2\/pages\/34"}],"wp:attachment":[{"href":"https:\/\/www.adelaneumannova.cz\/index.php\/wp-json\/wp\/v2\/media?parent=1420"}],"curies":[{"name":"wp","href":"https:\/\/api.w.org\/{rel}","templated":true}]}}