{"id":1855,"date":"2025-12-30T20:01:11","date_gmt":"2025-12-30T19:01:11","guid":{"rendered":"https:\/\/www.adelaneumannova.cz\/?page_id=1855"},"modified":"2026-01-01T18:48:17","modified_gmt":"2026-01-01T17:48:17","slug":"jezdecka-staj-bilov","status":"publish","type":"page","link":"https:\/\/www.adelaneumannova.cz\/index.php\/jezdecka-staj-bilov\/","title":{"rendered":"Jezdeck\u00e1 st\u00e1j B\u00edlov"},"content":{"rendered":"<p>[et_pb_section fb_built=&#8220;1&#8243; admin_label=&#8220;section&#8220; _builder_version=&#8220;4.16&#8243; global_colors_info=&#8220;{}&#8220;][et_pb_row admin_label=&#8220;row&#8220; _builder_version=&#8220;4.16&#8243; background_size=&#8220;initial&#8220; background_position=&#8220;top_left&#8220; background_repeat=&#8220;repeat&#8220; global_colors_info=&#8220;{}&#8220;][et_pb_column type=&#8220;4_4&#8243; _builder_version=&#8220;4.16&#8243; custom_padding=&#8220;|||&#8220; global_colors_info=&#8220;{}&#8220; custom_padding__hover=&#8220;|||&#8220;][et_pb_text _builder_version=&#8220;4.27.5&#8243; _module_preset=&#8220;default&#8220; hover_enabled=&#8220;0&#8243; global_colors_info=&#8220;{}&#8220; sticky_enabled=&#8220;0&#8243;]<\/p>\n<h1 style=\"text-align: center;\"><strong>Jezdeck\u00e1 st\u00e1j Neumann<\/strong><\/h1>\n<p><strong><\/strong><\/p>\n<p style=\"text-align: center;\"><strong><span>\u00a0 Ad\u00e9la Neumannov\u00e1<\/span><br \/><span>\u00a0telefon 603842366<\/span><br \/><span>\u00a0 adresa B\u00edlov 6, B\u00edlov 33141<\/span><\/strong><\/p>\n<p style=\"text-align: center;\"><strong><span><\/span><\/strong><\/p>\n<h1 data-pm-slice=\"1 1 []\" style=\"text-align: center;\"><strong>Historie J\u00edzd\u00e1rny Neumann<\/strong><\/h1>\n<p>J\u00edzd\u00e1rna Neumann vznikla p\u0159ed p\u011bti lety na m\u00edst\u011b p\u016fvodn\u00ed star\u00e9 usedlosti, kter\u00e1 pro\u0161la pe\u010dlivou a citlivou rekonstrukc\u00ed. P\u016fvodn\u011b skromn\u00e9 z\u00e1zem\u00ed s n\u011bkolika z\u00e1kladn\u00edmi boxy a pastvinami se postupn\u011b prom\u011bnilo ve funk\u010dn\u00ed jezdeck\u00fd are\u00e1l, kter\u00fd si p\u0159itom zachoval sv\u016fj venkovsk\u00fd charakter a rodinnou atmosf\u00e9ru.<\/p>\n<p>V\u00fdznamn\u00fdm miln\u00edkem v rozvoji are\u00e1lu byla v\u00fdstavba nov\u00e9 jezdeck\u00e9 haly, deseti modern\u00edch box\u016f pro kon\u011b a klubovny, kter\u00e1 je nyn\u00ed, ji\u017e ve fin\u00e1ln\u00ed podob\u011b. Sou\u010dasn\u011b byl vybudov\u00e1n tak\u00e9 kvalitn\u00ed lon\u017eovac\u00ed kruh, jen\u017e roz\u0161\u00ed\u0159il mo\u017enosti tr\u00e9ninku a zlep\u0161il podm\u00ednky pro pr\u00e1ci s ko\u0148mi v r\u016fzn\u00fdch f\u00e1z\u00edch v\u00fdcviku.<\/p>\n<p>Dnes j\u00edzd\u00e1rna funguje jako stabiln\u00ed jezdeck\u00e9 centrum, kter\u00e9 spojuje profesion\u00e1ln\u00ed p\u0159\u00edstup, kvalitn\u00ed p\u00e9\u010di o kon\u011b a hlubok\u00fd respekt k historii m\u00edsta, z n\u011bho\u017e vyrostla.<\/p>\n<p style=\"text-align: center;\"><strong><br \/><span>Poskytujeme ust\u00e1jen\u00ed kon\u00ed (12\/12).<\/span><\/strong><\/p>\n<p style=\"text-align: center;\"><strong><span>Ka\u017ed\u00fd k\u016f\u0148 m\u00e1 sv\u016fj zimn\u00ed a letn\u00ed v\u00fdb\u011bh.<\/span><\/strong><\/p>\n<p style=\"text-align: center;\"><strong><span> 3x denn\u011b j\u00e1dro, seno nonstop<\/span><\/strong><\/p>\n<p style=\"text-align: center;\"><strong><span>Individu\u00e1ln\u00ed p\u0159\u00edstup ke ka\u017ed\u00e9mu koni.<\/span><br \/><span>Drezurni individu\u00e1ln\u00ed tr\u00e9ninky.<\/span><br \/><span>V\u00fdcvik kon\u00ed.<\/span><\/strong><\/p>\n<p style=\"text-align: center;\"><strong><br \/><span>Po\u0159\u00e1d\u00e1n\u00ed soust\u0159ed\u011bn\u00ed a <\/span><span>semin\u00e1\u0159\u016f <\/span><\/strong><\/p>\n<p style=\"text-align: center;\"><strong><span>(mo\u017enost si pronajmout na soust\u0159ed\u011bni \u010di semin\u00e1\u0159 halu).<\/span><\/strong><\/p>\n<p>[\/et_pb_text][et_pb_image src=&#8220;https:\/\/www.adelaneumannova.cz\/wp-content\/uploads\/2025\/12\/primestsky-tabor-pro-deti-kopie.png&#8220; title_text=&#8220;primestsky tabor pro deti &#8211; kopie&#8220; _builder_version=&#8220;4.27.5&#8243; _module_preset=&#8220;default&#8220; global_colors_info=&#8220;{}&#8220;][\/et_pb_image][\/et_pb_column][\/et_pb_row][\/et_pb_section]<\/p>\n","protected":false},"excerpt":{"rendered":"<p>Jezdeck\u00e1 st\u00e1j Neumann \u00a0 Ad\u00e9la Neumannov\u00e1\u00a0telefon 603842366\u00a0 adresa B\u00edlov 6, B\u00edlov 33141 Historie J\u00edzd\u00e1rny Neumann J\u00edzd\u00e1rna Neumann vznikla p\u0159ed p\u011bti lety na m\u00edst\u011b p\u016fvodn\u00ed star\u00e9 usedlosti, kter\u00e1 pro\u0161la pe\u010dlivou a citlivou rekonstrukc\u00ed. P\u016fvodn\u011b skromn\u00e9 z\u00e1zem\u00ed s n\u011bkolika z\u00e1kladn\u00edmi boxy a pastvinami se postupn\u011b prom\u011bnilo ve funk\u010dn\u00ed jezdeck\u00fd are\u00e1l, kter\u00fd si p\u0159itom zachoval sv\u016fj venkovsk\u00fd charakter [&hellip;]<\/p>\n","protected":false},"author":1,"featured_media":0,"parent":0,"menu_order":0,"comment_status":"closed","ping_status":"closed","template":"","meta":{"_et_pb_use_builder":"on","_et_pb_old_content":"","_et_gb_content_width":"","footnotes":""},"class_list":["post-1855","page","type-page","status-publish","hentry"],"yoast_head":"<!-- This site is optimized with the Yoast SEO plugin v27.4 - https:\/\/yoast.com\/product\/yoast-seo-wordpress\/ -->\n<title>Jezdeck\u00e1 st\u00e1j B\u00edlov - Ad\u00e9la Neumannov\u00e1<\/title>\n<meta name=\"robots\" content=\"index, follow, max-snippet:-1, max-image-preview:large, max-video-preview:-1\" \/>\n<link rel=\"canonical\" href=\"https:\/\/www.adelaneumannova.cz\/index.php\/jezdecka-staj-bilov\/\" \/>\n<meta property=\"og:locale\" content=\"cs_CZ\" \/>\n<meta property=\"og:type\" content=\"article\" \/>\n<meta property=\"og:title\" content=\"Jezdeck\u00e1 st\u00e1j B\u00edlov - Ad\u00e9la Neumannov\u00e1\" \/>\n<meta property=\"og:description\" content=\"Jezdeck\u00e1 st\u00e1j Neumann \u00a0 Ad\u00e9la Neumannov\u00e1\u00a0telefon 603842366\u00a0 adresa B\u00edlov 6, B\u00edlov 33141 Historie J\u00edzd\u00e1rny Neumann J\u00edzd\u00e1rna Neumann vznikla p\u0159ed p\u011bti lety na m\u00edst\u011b p\u016fvodn\u00ed star\u00e9 usedlosti, kter\u00e1 pro\u0161la pe\u010dlivou a citlivou rekonstrukc\u00ed. P\u016fvodn\u011b skromn\u00e9 z\u00e1zem\u00ed s n\u011bkolika z\u00e1kladn\u00edmi boxy a pastvinami se postupn\u011b prom\u011bnilo ve funk\u010dn\u00ed jezdeck\u00fd are\u00e1l, kter\u00fd si p\u0159itom zachoval sv\u016fj venkovsk\u00fd charakter [&hellip;]\" \/>\n<meta property=\"og:url\" content=\"https:\/\/www.adelaneumannova.cz\/index.php\/jezdecka-staj-bilov\/\" \/>\n<meta property=\"og:site_name\" content=\"Ad\u00e9la Neumannov\u00e1\" \/>\n<meta property=\"article:modified_time\" content=\"2026-01-01T17:48:17+00:00\" \/>\n<meta name=\"twitter:card\" content=\"summary_large_image\" \/>\n<meta name=\"twitter:label1\" content=\"Odhadovan\u00e1 doba \u010dten\u00ed\" \/>\n\t<meta name=\"twitter:data1\" content=\"2 minuty\" \/>\n<script type=\"application\/ld+json\" class=\"yoast-schema-graph\">{\"@context\":\"https:\\\/\\\/schema.org\",\"@graph\":[{\"@type\":\"WebPage\",\"@id\":\"https:\\\/\\\/www.adelaneumannova.cz\\\/index.php\\\/jezdecka-staj-bilov\\\/\",\"url\":\"https:\\\/\\\/www.adelaneumannova.cz\\\/index.php\\\/jezdecka-staj-bilov\\\/\",\"name\":\"Jezdeck\u00e1 st\u00e1j B\u00edlov - Ad\u00e9la Neumannov\u00e1\",\"isPartOf\":{\"@id\":\"https:\\\/\\\/www.adelaneumannova.cz\\\/#website\"},\"datePublished\":\"2025-12-30T19:01:11+00:00\",\"dateModified\":\"2026-01-01T17:48:17+00:00\",\"breadcrumb\":{\"@id\":\"https:\\\/\\\/www.adelaneumannova.cz\\\/index.php\\\/jezdecka-staj-bilov\\\/#breadcrumb\"},\"inLanguage\":\"cs\",\"potentialAction\":[{\"@type\":\"ReadAction\",\"target\":[\"https:\\\/\\\/www.adelaneumannova.cz\\\/index.php\\\/jezdecka-staj-bilov\\\/\"]}]},{\"@type\":\"BreadcrumbList\",\"@id\":\"https:\\\/\\\/www.adelaneumannova.cz\\\/index.php\\\/jezdecka-staj-bilov\\\/#breadcrumb\",\"itemListElement\":[{\"@type\":\"ListItem\",\"position\":1,\"name\":\"Dom\u016f\",\"item\":\"https:\\\/\\\/www.adelaneumannova.cz\\\/\"},{\"@type\":\"ListItem\",\"position\":2,\"name\":\"Jezdeck\u00e1 st\u00e1j B\u00edlov\"}]},{\"@type\":\"WebSite\",\"@id\":\"https:\\\/\\\/www.adelaneumannova.cz\\\/#website\",\"url\":\"https:\\\/\\\/www.adelaneumannova.cz\\\/\",\"name\":\"Ad\u00e9la Neumannov\u00e1\",\"description\":\"Drez\u00fara\",\"potentialAction\":[{\"@type\":\"SearchAction\",\"target\":{\"@type\":\"EntryPoint\",\"urlTemplate\":\"https:\\\/\\\/www.adelaneumannova.cz\\\/?s={search_term_string}\"},\"query-input\":{\"@type\":\"PropertyValueSpecification\",\"valueRequired\":true,\"valueName\":\"search_term_string\"}}],\"inLanguage\":\"cs\"}]}<\/script>\n<!-- \/ Yoast SEO plugin. -->","yoast_head_json":{"title":"Jezdeck\u00e1 st\u00e1j B\u00edlov - Ad\u00e9la Neumannov\u00e1","robots":{"index":"index","follow":"follow","max-snippet":"max-snippet:-1","max-image-preview":"max-image-preview:large","max-video-preview":"max-video-preview:-1"},"canonical":"https:\/\/www.adelaneumannova.cz\/index.php\/jezdecka-staj-bilov\/","og_locale":"cs_CZ","og_type":"article","og_title":"Jezdeck\u00e1 st\u00e1j B\u00edlov - Ad\u00e9la Neumannov\u00e1","og_description":"Jezdeck\u00e1 st\u00e1j Neumann \u00a0 Ad\u00e9la Neumannov\u00e1\u00a0telefon 603842366\u00a0 adresa B\u00edlov 6, B\u00edlov 33141 Historie J\u00edzd\u00e1rny Neumann J\u00edzd\u00e1rna Neumann vznikla p\u0159ed p\u011bti lety na m\u00edst\u011b p\u016fvodn\u00ed star\u00e9 usedlosti, kter\u00e1 pro\u0161la pe\u010dlivou a citlivou rekonstrukc\u00ed. P\u016fvodn\u011b skromn\u00e9 z\u00e1zem\u00ed s n\u011bkolika z\u00e1kladn\u00edmi boxy a pastvinami se postupn\u011b prom\u011bnilo ve funk\u010dn\u00ed jezdeck\u00fd are\u00e1l, kter\u00fd si p\u0159itom zachoval sv\u016fj venkovsk\u00fd charakter [&hellip;]","og_url":"https:\/\/www.adelaneumannova.cz\/index.php\/jezdecka-staj-bilov\/","og_site_name":"Ad\u00e9la Neumannov\u00e1","article_modified_time":"2026-01-01T17:48:17+00:00","twitter_card":"summary_large_image","twitter_misc":{"Odhadovan\u00e1 doba \u010dten\u00ed":"2 minuty"},"schema":{"@context":"https:\/\/schema.org","@graph":[{"@type":"WebPage","@id":"https:\/\/www.adelaneumannova.cz\/index.php\/jezdecka-staj-bilov\/","url":"https:\/\/www.adelaneumannova.cz\/index.php\/jezdecka-staj-bilov\/","name":"Jezdeck\u00e1 st\u00e1j B\u00edlov - Ad\u00e9la Neumannov\u00e1","isPartOf":{"@id":"https:\/\/www.adelaneumannova.cz\/#website"},"datePublished":"2025-12-30T19:01:11+00:00","dateModified":"2026-01-01T17:48:17+00:00","breadcrumb":{"@id":"https:\/\/www.adelaneumannova.cz\/index.php\/jezdecka-staj-bilov\/#breadcrumb"},"inLanguage":"cs","potentialAction":[{"@type":"ReadAction","target":["https:\/\/www.adelaneumannova.cz\/index.php\/jezdecka-staj-bilov\/"]}]},{"@type":"BreadcrumbList","@id":"https:\/\/www.adelaneumannova.cz\/index.php\/jezdecka-staj-bilov\/#breadcrumb","itemListElement":[{"@type":"ListItem","position":1,"name":"Dom\u016f","item":"https:\/\/www.adelaneumannova.cz\/"},{"@type":"ListItem","position":2,"name":"Jezdeck\u00e1 st\u00e1j B\u00edlov"}]},{"@type":"WebSite","@id":"https:\/\/www.adelaneumannova.cz\/#website","url":"https:\/\/www.adelaneumannova.cz\/","name":"Ad\u00e9la Neumannov\u00e1","description":"Drez\u00fara","potentialAction":[{"@type":"SearchAction","target":{"@type":"EntryPoint","urlTemplate":"https:\/\/www.adelaneumannova.cz\/?s={search_term_string}"},"query-input":{"@type":"PropertyValueSpecification","valueRequired":true,"valueName":"search_term_string"}}],"inLanguage":"cs"}]}},"_links":{"self":[{"href":"https:\/\/www.adelaneumannova.cz\/index.php\/wp-json\/wp\/v2\/pages\/1855","targetHints":{"allow":["GET"]}}],"collection":[{"href":"https:\/\/www.adelaneumannova.cz\/index.php\/wp-json\/wp\/v2\/pages"}],"about":[{"href":"https:\/\/www.adelaneumannova.cz\/index.php\/wp-json\/wp\/v2\/types\/page"}],"author":[{"embeddable":true,"href":"https:\/\/www.adelaneumannova.cz\/index.php\/wp-json\/wp\/v2\/users\/1"}],"replies":[{"embeddable":true,"href":"https:\/\/www.adelaneumannova.cz\/index.php\/wp-json\/wp\/v2\/comments?post=1855"}],"version-history":[{"count":5,"href":"https:\/\/www.adelaneumannova.cz\/index.php\/wp-json\/wp\/v2\/pages\/1855\/revisions"}],"predecessor-version":[{"id":1880,"href":"https:\/\/www.adelaneumannova.cz\/index.php\/wp-json\/wp\/v2\/pages\/1855\/revisions\/1880"}],"wp:attachment":[{"href":"https:\/\/www.adelaneumannova.cz\/index.php\/wp-json\/wp\/v2\/media?parent=1855"}],"curies":[{"name":"wp","href":"https:\/\/api.w.org\/{rel}","templated":true}]}}