{"id":1866,"date":"2025-12-30T20:46:57","date_gmt":"2025-12-30T19:46:57","guid":{"rendered":"https:\/\/www.adelaneumannova.cz\/?page_id=1866"},"modified":"2025-12-30T21:07:44","modified_gmt":"2025-12-30T20:07:44","slug":"hajiho-jezdecka-skolicka","status":"publish","type":"page","link":"https:\/\/www.adelaneumannova.cz\/index.php\/hajiho-jezdecka-skolicka\/","title":{"rendered":"Hajiho jezdeck\u00e1 \u0161koli\u010dka"},"content":{"rendered":"<p>[et_pb_section fb_built=&#8220;1&#8243; admin_label=&#8220;section&#8220; _builder_version=&#8220;4.16&#8243; global_colors_info=&#8220;{}&#8220;][et_pb_row admin_label=&#8220;row&#8220; _builder_version=&#8220;4.16&#8243; background_size=&#8220;initial&#8220; background_position=&#8220;top_left&#8220; background_repeat=&#8220;repeat&#8220; global_colors_info=&#8220;{}&#8220;][et_pb_column type=&#8220;4_4&#8243; _builder_version=&#8220;4.16&#8243; custom_padding=&#8220;|||&#8220; global_colors_info=&#8220;{}&#8220; custom_padding__hover=&#8220;|||&#8220;][et_pb_heading _builder_version=&#8220;4.27.5&#8243; _module_preset=&#8220;default&#8220; title=&#8220;Hajiho jezdeck\u00e1 \u0161kola&#8220; hover_enabled=&#8220;0&#8243; sticky_enabled=&#8220;0&#8243; title_text_align=&#8220;center&#8220;][\/et_pb_heading][et_pb_text _builder_version=&#8220;4.27.5&#8243; _module_preset=&#8220;default&#8220; hover_enabled=&#8220;0&#8243; sticky_enabled=&#8220;0&#8243;]<\/p>\n<p style=\"text-align: center;\"><span>M\u011bs\u00ed\u010dn\u00ed poplatek 4500 K\u010d &#8211; 4 lekce<\/span><\/p>\n<p style=\"text-align: center;\"><span> ( j\u00edzda na GP koni pro pokro\u010dil\u00e9)<\/span><\/p>\n<p>[\/et_pb_text][\/et_pb_column][\/et_pb_row][\/et_pb_section]<\/p>\n","protected":false},"excerpt":{"rendered":"<p>M\u011bs\u00ed\u010dn\u00ed poplatek 4500 K\u010d &#8211; 4 lekce ( j\u00edzda na GP koni pro pokro\u010dil\u00e9)<\/p>\n","protected":false},"author":1,"featured_media":0,"parent":0,"menu_order":0,"comment_status":"closed","ping_status":"closed","template":"","meta":{"_et_pb_use_builder":"on","_et_pb_old_content":"","_et_gb_content_width":"","footnotes":""},"class_list":["post-1866","page","type-page","status-publish","hentry"],"yoast_head":"<!-- This site is optimized with the Yoast SEO plugin v27.4 - https:\/\/yoast.com\/product\/yoast-seo-wordpress\/ -->\n<title>Hajiho jezdeck\u00e1 \u0161koli\u010dka - Ad\u00e9la Neumannov\u00e1<\/title>\n<meta name=\"robots\" content=\"index, follow, max-snippet:-1, max-image-preview:large, max-video-preview:-1\" \/>\n<link rel=\"canonical\" href=\"https:\/\/www.adelaneumannova.cz\/index.php\/hajiho-jezdecka-skolicka\/\" \/>\n<meta property=\"og:locale\" content=\"cs_CZ\" \/>\n<meta property=\"og:type\" content=\"article\" \/>\n<meta property=\"og:title\" content=\"Hajiho jezdeck\u00e1 \u0161koli\u010dka - Ad\u00e9la Neumannov\u00e1\" \/>\n<meta property=\"og:description\" content=\"M\u011bs\u00ed\u010dn\u00ed poplatek 4500 K\u010d - 4 lekce ( j\u00edzda na GP koni pro pokro\u010dil\u00e9)\" \/>\n<meta property=\"og:url\" content=\"https:\/\/www.adelaneumannova.cz\/index.php\/hajiho-jezdecka-skolicka\/\" \/>\n<meta property=\"og:site_name\" content=\"Ad\u00e9la Neumannov\u00e1\" \/>\n<meta property=\"article:modified_time\" content=\"2025-12-30T20:07:44+00:00\" \/>\n<meta name=\"twitter:card\" content=\"summary_large_image\" \/>\n<meta name=\"twitter:label1\" content=\"Odhadovan\u00e1 doba \u010dten\u00ed\" \/>\n\t<meta name=\"twitter:data1\" content=\"1 minuta\" \/>\n<script type=\"application\/ld+json\" class=\"yoast-schema-graph\">{\"@context\":\"https:\\\/\\\/schema.org\",\"@graph\":[{\"@type\":\"WebPage\",\"@id\":\"https:\\\/\\\/www.adelaneumannova.cz\\\/index.php\\\/hajiho-jezdecka-skolicka\\\/\",\"url\":\"https:\\\/\\\/www.adelaneumannova.cz\\\/index.php\\\/hajiho-jezdecka-skolicka\\\/\",\"name\":\"Hajiho jezdeck\u00e1 \u0161koli\u010dka - Ad\u00e9la Neumannov\u00e1\",\"isPartOf\":{\"@id\":\"https:\\\/\\\/www.adelaneumannova.cz\\\/#website\"},\"datePublished\":\"2025-12-30T19:46:57+00:00\",\"dateModified\":\"2025-12-30T20:07:44+00:00\",\"breadcrumb\":{\"@id\":\"https:\\\/\\\/www.adelaneumannova.cz\\\/index.php\\\/hajiho-jezdecka-skolicka\\\/#breadcrumb\"},\"inLanguage\":\"cs\",\"potentialAction\":[{\"@type\":\"ReadAction\",\"target\":[\"https:\\\/\\\/www.adelaneumannova.cz\\\/index.php\\\/hajiho-jezdecka-skolicka\\\/\"]}]},{\"@type\":\"BreadcrumbList\",\"@id\":\"https:\\\/\\\/www.adelaneumannova.cz\\\/index.php\\\/hajiho-jezdecka-skolicka\\\/#breadcrumb\",\"itemListElement\":[{\"@type\":\"ListItem\",\"position\":1,\"name\":\"Dom\u016f\",\"item\":\"https:\\\/\\\/www.adelaneumannova.cz\\\/\"},{\"@type\":\"ListItem\",\"position\":2,\"name\":\"Hajiho jezdeck\u00e1 \u0161koli\u010dka\"}]},{\"@type\":\"WebSite\",\"@id\":\"https:\\\/\\\/www.adelaneumannova.cz\\\/#website\",\"url\":\"https:\\\/\\\/www.adelaneumannova.cz\\\/\",\"name\":\"Ad\u00e9la Neumannov\u00e1\",\"description\":\"Drez\u00fara\",\"potentialAction\":[{\"@type\":\"SearchAction\",\"target\":{\"@type\":\"EntryPoint\",\"urlTemplate\":\"https:\\\/\\\/www.adelaneumannova.cz\\\/?s={search_term_string}\"},\"query-input\":{\"@type\":\"PropertyValueSpecification\",\"valueRequired\":true,\"valueName\":\"search_term_string\"}}],\"inLanguage\":\"cs\"}]}<\/script>\n<!-- \/ Yoast SEO plugin. -->","yoast_head_json":{"title":"Hajiho jezdeck\u00e1 \u0161koli\u010dka - Ad\u00e9la Neumannov\u00e1","robots":{"index":"index","follow":"follow","max-snippet":"max-snippet:-1","max-image-preview":"max-image-preview:large","max-video-preview":"max-video-preview:-1"},"canonical":"https:\/\/www.adelaneumannova.cz\/index.php\/hajiho-jezdecka-skolicka\/","og_locale":"cs_CZ","og_type":"article","og_title":"Hajiho jezdeck\u00e1 \u0161koli\u010dka - Ad\u00e9la Neumannov\u00e1","og_description":"M\u011bs\u00ed\u010dn\u00ed poplatek 4500 K\u010d - 4 lekce ( j\u00edzda na GP koni pro pokro\u010dil\u00e9)","og_url":"https:\/\/www.adelaneumannova.cz\/index.php\/hajiho-jezdecka-skolicka\/","og_site_name":"Ad\u00e9la Neumannov\u00e1","article_modified_time":"2025-12-30T20:07:44+00:00","twitter_card":"summary_large_image","twitter_misc":{"Odhadovan\u00e1 doba \u010dten\u00ed":"1 minuta"},"schema":{"@context":"https:\/\/schema.org","@graph":[{"@type":"WebPage","@id":"https:\/\/www.adelaneumannova.cz\/index.php\/hajiho-jezdecka-skolicka\/","url":"https:\/\/www.adelaneumannova.cz\/index.php\/hajiho-jezdecka-skolicka\/","name":"Hajiho jezdeck\u00e1 \u0161koli\u010dka - Ad\u00e9la Neumannov\u00e1","isPartOf":{"@id":"https:\/\/www.adelaneumannova.cz\/#website"},"datePublished":"2025-12-30T19:46:57+00:00","dateModified":"2025-12-30T20:07:44+00:00","breadcrumb":{"@id":"https:\/\/www.adelaneumannova.cz\/index.php\/hajiho-jezdecka-skolicka\/#breadcrumb"},"inLanguage":"cs","potentialAction":[{"@type":"ReadAction","target":["https:\/\/www.adelaneumannova.cz\/index.php\/hajiho-jezdecka-skolicka\/"]}]},{"@type":"BreadcrumbList","@id":"https:\/\/www.adelaneumannova.cz\/index.php\/hajiho-jezdecka-skolicka\/#breadcrumb","itemListElement":[{"@type":"ListItem","position":1,"name":"Dom\u016f","item":"https:\/\/www.adelaneumannova.cz\/"},{"@type":"ListItem","position":2,"name":"Hajiho jezdeck\u00e1 \u0161koli\u010dka"}]},{"@type":"WebSite","@id":"https:\/\/www.adelaneumannova.cz\/#website","url":"https:\/\/www.adelaneumannova.cz\/","name":"Ad\u00e9la Neumannov\u00e1","description":"Drez\u00fara","potentialAction":[{"@type":"SearchAction","target":{"@type":"EntryPoint","urlTemplate":"https:\/\/www.adelaneumannova.cz\/?s={search_term_string}"},"query-input":{"@type":"PropertyValueSpecification","valueRequired":true,"valueName":"search_term_string"}}],"inLanguage":"cs"}]}},"_links":{"self":[{"href":"https:\/\/www.adelaneumannova.cz\/index.php\/wp-json\/wp\/v2\/pages\/1866","targetHints":{"allow":["GET"]}}],"collection":[{"href":"https:\/\/www.adelaneumannova.cz\/index.php\/wp-json\/wp\/v2\/pages"}],"about":[{"href":"https:\/\/www.adelaneumannova.cz\/index.php\/wp-json\/wp\/v2\/types\/page"}],"author":[{"embeddable":true,"href":"https:\/\/www.adelaneumannova.cz\/index.php\/wp-json\/wp\/v2\/users\/1"}],"replies":[{"embeddable":true,"href":"https:\/\/www.adelaneumannova.cz\/index.php\/wp-json\/wp\/v2\/comments?post=1866"}],"version-history":[{"count":3,"href":"https:\/\/www.adelaneumannova.cz\/index.php\/wp-json\/wp\/v2\/pages\/1866\/revisions"}],"predecessor-version":[{"id":1875,"href":"https:\/\/www.adelaneumannova.cz\/index.php\/wp-json\/wp\/v2\/pages\/1866\/revisions\/1875"}],"wp:attachment":[{"href":"https:\/\/www.adelaneumannova.cz\/index.php\/wp-json\/wp\/v2\/media?parent=1866"}],"curies":[{"name":"wp","href":"https:\/\/api.w.org\/{rel}","templated":true}]}}