{"id":236,"date":"2017-11-19T23:05:43","date_gmt":"2017-11-19T22:05:43","guid":{"rendered":"http:\/\/www.adelaneumannova.cz\/?page_id=236"},"modified":"2017-11-21T19:40:00","modified_gmt":"2017-11-21T18:40:00","slug":"heidegrug","status":"publish","type":"page","link":"https:\/\/www.adelaneumannova.cz\/index.php\/heidegrug\/","title":{"rendered":"Heidekrug"},"content":{"rendered":"<div id=\"attachment_245\" style=\"width: 650px\" class=\"wp-caption alignnone\"><a href=\"http:\/\/www.adelaneumannova.cz\/wp-content\/uploads\/2017\/11\/heidegrug1.jpg\"><img loading=\"lazy\" decoding=\"async\" aria-describedby=\"caption-attachment-245\" class=\"wp-image-245 size-full\" src=\"http:\/\/www.adelaneumannova.cz\/wp-content\/uploads\/2017\/11\/heidegrug1.jpg\" alt=\"\" width=\"640\" height=\"426\" srcset=\"https:\/\/www.adelaneumannova.cz\/wp-content\/uploads\/2017\/11\/heidegrug1.jpg 640w, https:\/\/www.adelaneumannova.cz\/wp-content\/uploads\/2017\/11\/heidegrug1-300x200.jpg 300w\" sizes=\"(max-width: 640px) 100vw, 640px\" \/><\/a><p id=\"caption-attachment-245\" class=\"wp-caption-text\">Heidekrug<\/p><\/div>\n<p><img loading=\"lazy\" decoding=\"async\" class=\"alignnone wp-image-316 \" src=\"http:\/\/www.adelaneumannova.cz\/wp-content\/uploads\/2017\/11\/Haji_rodokmen.jpg\" alt=\"\" width=\"639\" height=\"1093\" srcset=\"https:\/\/www.adelaneumannova.cz\/wp-content\/uploads\/2017\/11\/Haji_rodokmen.jpg 521w, https:\/\/www.adelaneumannova.cz\/wp-content\/uploads\/2017\/11\/Haji_rodokmen-175x300.jpg 175w\" sizes=\"(max-width: 639px) 100vw, 639px\" \/><\/p>\n","protected":false},"excerpt":{"rendered":"","protected":false},"author":1,"featured_media":0,"parent":0,"menu_order":0,"comment_status":"closed","ping_status":"closed","template":"","meta":{"_et_pb_use_builder":"","_et_pb_old_content":"","_et_gb_content_width":"","footnotes":""},"class_list":["post-236","page","type-page","status-publish","hentry"],"yoast_head":"<!-- This site is optimized with the Yoast SEO plugin v27.4 - https:\/\/yoast.com\/product\/yoast-seo-wordpress\/ -->\n<title>Heidekrug - Ad\u00e9la Neumannov\u00e1<\/title>\n<meta name=\"robots\" content=\"index, follow, max-snippet:-1, max-image-preview:large, max-video-preview:-1\" \/>\n<link rel=\"canonical\" href=\"https:\/\/www.adelaneumannova.cz\/index.php\/heidegrug\/\" \/>\n<meta property=\"og:locale\" content=\"cs_CZ\" \/>\n<meta property=\"og:type\" content=\"article\" \/>\n<meta property=\"og:title\" content=\"Heidekrug - Ad\u00e9la Neumannov\u00e1\" \/>\n<meta property=\"og:url\" content=\"https:\/\/www.adelaneumannova.cz\/index.php\/heidegrug\/\" \/>\n<meta property=\"og:site_name\" content=\"Ad\u00e9la Neumannov\u00e1\" \/>\n<meta property=\"article:modified_time\" content=\"2017-11-21T18:40:00+00:00\" \/>\n<meta property=\"og:image\" content=\"http:\/\/www.adelaneumannova.cz\/wp-content\/uploads\/2017\/11\/heidegrug1.jpg\" \/>\n<meta name=\"twitter:card\" content=\"summary_large_image\" \/>\n<script type=\"application\/ld+json\" class=\"yoast-schema-graph\">{\"@context\":\"https:\\\/\\\/schema.org\",\"@graph\":[{\"@type\":\"WebPage\",\"@id\":\"https:\\\/\\\/www.adelaneumannova.cz\\\/index.php\\\/heidegrug\\\/\",\"url\":\"https:\\\/\\\/www.adelaneumannova.cz\\\/index.php\\\/heidegrug\\\/\",\"name\":\"Heidekrug - Ad\u00e9la Neumannov\u00e1\",\"isPartOf\":{\"@id\":\"https:\\\/\\\/www.adelaneumannova.cz\\\/#website\"},\"primaryImageOfPage\":{\"@id\":\"https:\\\/\\\/www.adelaneumannova.cz\\\/index.php\\\/heidegrug\\\/#primaryimage\"},\"image\":{\"@id\":\"https:\\\/\\\/www.adelaneumannova.cz\\\/index.php\\\/heidegrug\\\/#primaryimage\"},\"thumbnailUrl\":\"http:\\\/\\\/www.adelaneumannova.cz\\\/wp-content\\\/uploads\\\/2017\\\/11\\\/heidegrug1.jpg\",\"datePublished\":\"2017-11-19T22:05:43+00:00\",\"dateModified\":\"2017-11-21T18:40:00+00:00\",\"breadcrumb\":{\"@id\":\"https:\\\/\\\/www.adelaneumannova.cz\\\/index.php\\\/heidegrug\\\/#breadcrumb\"},\"inLanguage\":\"cs\",\"potentialAction\":[{\"@type\":\"ReadAction\",\"target\":[\"https:\\\/\\\/www.adelaneumannova.cz\\\/index.php\\\/heidegrug\\\/\"]}]},{\"@type\":\"ImageObject\",\"inLanguage\":\"cs\",\"@id\":\"https:\\\/\\\/www.adelaneumannova.cz\\\/index.php\\\/heidegrug\\\/#primaryimage\",\"url\":\"http:\\\/\\\/www.adelaneumannova.cz\\\/wp-content\\\/uploads\\\/2017\\\/11\\\/heidegrug1.jpg\",\"contentUrl\":\"http:\\\/\\\/www.adelaneumannova.cz\\\/wp-content\\\/uploads\\\/2017\\\/11\\\/heidegrug1.jpg\"},{\"@type\":\"BreadcrumbList\",\"@id\":\"https:\\\/\\\/www.adelaneumannova.cz\\\/index.php\\\/heidegrug\\\/#breadcrumb\",\"itemListElement\":[{\"@type\":\"ListItem\",\"position\":1,\"name\":\"Dom\u016f\",\"item\":\"https:\\\/\\\/www.adelaneumannova.cz\\\/\"},{\"@type\":\"ListItem\",\"position\":2,\"name\":\"Heidekrug\"}]},{\"@type\":\"WebSite\",\"@id\":\"https:\\\/\\\/www.adelaneumannova.cz\\\/#website\",\"url\":\"https:\\\/\\\/www.adelaneumannova.cz\\\/\",\"name\":\"Ad\u00e9la Neumannov\u00e1\",\"description\":\"Drez\u00fara\",\"potentialAction\":[{\"@type\":\"SearchAction\",\"target\":{\"@type\":\"EntryPoint\",\"urlTemplate\":\"https:\\\/\\\/www.adelaneumannova.cz\\\/?s={search_term_string}\"},\"query-input\":{\"@type\":\"PropertyValueSpecification\",\"valueRequired\":true,\"valueName\":\"search_term_string\"}}],\"inLanguage\":\"cs\"}]}<\/script>\n<!-- \/ Yoast SEO plugin. -->","yoast_head_json":{"title":"Heidekrug - Ad\u00e9la Neumannov\u00e1","robots":{"index":"index","follow":"follow","max-snippet":"max-snippet:-1","max-image-preview":"max-image-preview:large","max-video-preview":"max-video-preview:-1"},"canonical":"https:\/\/www.adelaneumannova.cz\/index.php\/heidegrug\/","og_locale":"cs_CZ","og_type":"article","og_title":"Heidekrug - Ad\u00e9la Neumannov\u00e1","og_url":"https:\/\/www.adelaneumannova.cz\/index.php\/heidegrug\/","og_site_name":"Ad\u00e9la Neumannov\u00e1","article_modified_time":"2017-11-21T18:40:00+00:00","og_image":[{"url":"http:\/\/www.adelaneumannova.cz\/wp-content\/uploads\/2017\/11\/heidegrug1.jpg","type":"","width":"","height":""}],"twitter_card":"summary_large_image","schema":{"@context":"https:\/\/schema.org","@graph":[{"@type":"WebPage","@id":"https:\/\/www.adelaneumannova.cz\/index.php\/heidegrug\/","url":"https:\/\/www.adelaneumannova.cz\/index.php\/heidegrug\/","name":"Heidekrug - Ad\u00e9la Neumannov\u00e1","isPartOf":{"@id":"https:\/\/www.adelaneumannova.cz\/#website"},"primaryImageOfPage":{"@id":"https:\/\/www.adelaneumannova.cz\/index.php\/heidegrug\/#primaryimage"},"image":{"@id":"https:\/\/www.adelaneumannova.cz\/index.php\/heidegrug\/#primaryimage"},"thumbnailUrl":"http:\/\/www.adelaneumannova.cz\/wp-content\/uploads\/2017\/11\/heidegrug1.jpg","datePublished":"2017-11-19T22:05:43+00:00","dateModified":"2017-11-21T18:40:00+00:00","breadcrumb":{"@id":"https:\/\/www.adelaneumannova.cz\/index.php\/heidegrug\/#breadcrumb"},"inLanguage":"cs","potentialAction":[{"@type":"ReadAction","target":["https:\/\/www.adelaneumannova.cz\/index.php\/heidegrug\/"]}]},{"@type":"ImageObject","inLanguage":"cs","@id":"https:\/\/www.adelaneumannova.cz\/index.php\/heidegrug\/#primaryimage","url":"http:\/\/www.adelaneumannova.cz\/wp-content\/uploads\/2017\/11\/heidegrug1.jpg","contentUrl":"http:\/\/www.adelaneumannova.cz\/wp-content\/uploads\/2017\/11\/heidegrug1.jpg"},{"@type":"BreadcrumbList","@id":"https:\/\/www.adelaneumannova.cz\/index.php\/heidegrug\/#breadcrumb","itemListElement":[{"@type":"ListItem","position":1,"name":"Dom\u016f","item":"https:\/\/www.adelaneumannova.cz\/"},{"@type":"ListItem","position":2,"name":"Heidekrug"}]},{"@type":"WebSite","@id":"https:\/\/www.adelaneumannova.cz\/#website","url":"https:\/\/www.adelaneumannova.cz\/","name":"Ad\u00e9la Neumannov\u00e1","description":"Drez\u00fara","potentialAction":[{"@type":"SearchAction","target":{"@type":"EntryPoint","urlTemplate":"https:\/\/www.adelaneumannova.cz\/?s={search_term_string}"},"query-input":{"@type":"PropertyValueSpecification","valueRequired":true,"valueName":"search_term_string"}}],"inLanguage":"cs"}]}},"_links":{"self":[{"href":"https:\/\/www.adelaneumannova.cz\/index.php\/wp-json\/wp\/v2\/pages\/236","targetHints":{"allow":["GET"]}}],"collection":[{"href":"https:\/\/www.adelaneumannova.cz\/index.php\/wp-json\/wp\/v2\/pages"}],"about":[{"href":"https:\/\/www.adelaneumannova.cz\/index.php\/wp-json\/wp\/v2\/types\/page"}],"author":[{"embeddable":true,"href":"https:\/\/www.adelaneumannova.cz\/index.php\/wp-json\/wp\/v2\/users\/1"}],"replies":[{"embeddable":true,"href":"https:\/\/www.adelaneumannova.cz\/index.php\/wp-json\/wp\/v2\/comments?post=236"}],"version-history":[{"count":5,"href":"https:\/\/www.adelaneumannova.cz\/index.php\/wp-json\/wp\/v2\/pages\/236\/revisions"}],"predecessor-version":[{"id":320,"href":"https:\/\/www.adelaneumannova.cz\/index.php\/wp-json\/wp\/v2\/pages\/236\/revisions\/320"}],"wp:attachment":[{"href":"https:\/\/www.adelaneumannova.cz\/index.php\/wp-json\/wp\/v2\/media?parent=236"}],"curies":[{"name":"wp","href":"https:\/\/api.w.org\/{rel}","templated":true}]}}