{"id":261,"date":"2017-11-19T23:26:51","date_gmt":"2017-11-19T22:26:51","guid":{"rendered":"http:\/\/www.adelaneumannova.cz\/?page_id=261"},"modified":"2018-03-11T11:21:26","modified_gmt":"2018-03-11T10:21:26","slug":"edie-2","status":"publish","type":"page","link":"https:\/\/www.adelaneumannova.cz\/index.php\/edie-2\/","title":{"rendered":"Edie"},"content":{"rendered":"<p>[et_pb_section fb_built=&#8220;1&#8243; _builder_version=&#8220;3.0.92&#8243; custom_padding=&#8220;0px|0px|424px|0px&#8220;][et_pb_row custom_padding=&#8220;27px|0px|21px|0px&#8220; _builder_version=&#8220;3.0.92&#8243;][et_pb_column type=&#8220;4_4&#8243; _builder_version=&#8220;3.0.47&#8243; parallax=&#8220;off&#8220; parallax_method=&#8220;on&#8220;][et_pb_gallery gallery_ids=&#8220;568,569,923,907,1195,1194&#8243; gallery_captions=&#8220;,,,,11.3.2018 krokovan\u00ed bez sedla,11.3.2018 krokovan\u00ed bez sedla&#8220; posts_number=&#8220;4&#8243; box_shadow_style_image=&#8220;preset2&#8243; _builder_version=&#8220;3.0.105&#8243;]\u00a0<br \/>\n[\/et_pb_gallery][\/et_pb_column][\/et_pb_row][\/et_pb_section]<\/p>\n","protected":false},"excerpt":{"rendered":"<p>\u00a0<\/p>\n","protected":false},"author":1,"featured_media":0,"parent":0,"menu_order":0,"comment_status":"closed","ping_status":"closed","template":"","meta":{"_et_pb_use_builder":"on","_et_pb_old_content":"","_et_gb_content_width":"","footnotes":""},"class_list":["post-261","page","type-page","status-publish","hentry"],"yoast_head":"<!-- This site is optimized with the Yoast SEO plugin v27.4 - https:\/\/yoast.com\/product\/yoast-seo-wordpress\/ -->\n<title>Edie - Ad\u00e9la Neumannov\u00e1<\/title>\n<meta name=\"robots\" content=\"index, follow, max-snippet:-1, max-image-preview:large, max-video-preview:-1\" \/>\n<link rel=\"canonical\" href=\"https:\/\/www.adelaneumannova.cz\/index.php\/edie-2\/\" \/>\n<meta property=\"og:locale\" content=\"cs_CZ\" \/>\n<meta property=\"og:type\" content=\"article\" \/>\n<meta property=\"og:title\" content=\"Edie - Ad\u00e9la Neumannov\u00e1\" \/>\n<meta property=\"og:description\" content=\"\u00a0\" \/>\n<meta property=\"og:url\" content=\"https:\/\/www.adelaneumannova.cz\/index.php\/edie-2\/\" \/>\n<meta property=\"og:site_name\" content=\"Ad\u00e9la Neumannov\u00e1\" \/>\n<meta property=\"article:modified_time\" content=\"2018-03-11T10:21:26+00:00\" \/>\n<meta name=\"twitter:card\" content=\"summary_large_image\" \/>\n<script type=\"application\/ld+json\" class=\"yoast-schema-graph\">{\"@context\":\"https:\\\/\\\/schema.org\",\"@graph\":[{\"@type\":\"WebPage\",\"@id\":\"https:\\\/\\\/www.adelaneumannova.cz\\\/index.php\\\/edie-2\\\/\",\"url\":\"https:\\\/\\\/www.adelaneumannova.cz\\\/index.php\\\/edie-2\\\/\",\"name\":\"Edie - Ad\u00e9la Neumannov\u00e1\",\"isPartOf\":{\"@id\":\"https:\\\/\\\/www.adelaneumannova.cz\\\/#website\"},\"datePublished\":\"2017-11-19T22:26:51+00:00\",\"dateModified\":\"2018-03-11T10:21:26+00:00\",\"breadcrumb\":{\"@id\":\"https:\\\/\\\/www.adelaneumannova.cz\\\/index.php\\\/edie-2\\\/#breadcrumb\"},\"inLanguage\":\"cs\",\"potentialAction\":[{\"@type\":\"ReadAction\",\"target\":[\"https:\\\/\\\/www.adelaneumannova.cz\\\/index.php\\\/edie-2\\\/\"]}]},{\"@type\":\"BreadcrumbList\",\"@id\":\"https:\\\/\\\/www.adelaneumannova.cz\\\/index.php\\\/edie-2\\\/#breadcrumb\",\"itemListElement\":[{\"@type\":\"ListItem\",\"position\":1,\"name\":\"Dom\u016f\",\"item\":\"https:\\\/\\\/www.adelaneumannova.cz\\\/\"},{\"@type\":\"ListItem\",\"position\":2,\"name\":\"Edie\"}]},{\"@type\":\"WebSite\",\"@id\":\"https:\\\/\\\/www.adelaneumannova.cz\\\/#website\",\"url\":\"https:\\\/\\\/www.adelaneumannova.cz\\\/\",\"name\":\"Ad\u00e9la Neumannov\u00e1\",\"description\":\"Drez\u00fara\",\"potentialAction\":[{\"@type\":\"SearchAction\",\"target\":{\"@type\":\"EntryPoint\",\"urlTemplate\":\"https:\\\/\\\/www.adelaneumannova.cz\\\/?s={search_term_string}\"},\"query-input\":{\"@type\":\"PropertyValueSpecification\",\"valueRequired\":true,\"valueName\":\"search_term_string\"}}],\"inLanguage\":\"cs\"}]}<\/script>\n<!-- \/ Yoast SEO plugin. -->","yoast_head_json":{"title":"Edie - Ad\u00e9la Neumannov\u00e1","robots":{"index":"index","follow":"follow","max-snippet":"max-snippet:-1","max-image-preview":"max-image-preview:large","max-video-preview":"max-video-preview:-1"},"canonical":"https:\/\/www.adelaneumannova.cz\/index.php\/edie-2\/","og_locale":"cs_CZ","og_type":"article","og_title":"Edie - Ad\u00e9la Neumannov\u00e1","og_description":"\u00a0","og_url":"https:\/\/www.adelaneumannova.cz\/index.php\/edie-2\/","og_site_name":"Ad\u00e9la Neumannov\u00e1","article_modified_time":"2018-03-11T10:21:26+00:00","twitter_card":"summary_large_image","schema":{"@context":"https:\/\/schema.org","@graph":[{"@type":"WebPage","@id":"https:\/\/www.adelaneumannova.cz\/index.php\/edie-2\/","url":"https:\/\/www.adelaneumannova.cz\/index.php\/edie-2\/","name":"Edie - Ad\u00e9la Neumannov\u00e1","isPartOf":{"@id":"https:\/\/www.adelaneumannova.cz\/#website"},"datePublished":"2017-11-19T22:26:51+00:00","dateModified":"2018-03-11T10:21:26+00:00","breadcrumb":{"@id":"https:\/\/www.adelaneumannova.cz\/index.php\/edie-2\/#breadcrumb"},"inLanguage":"cs","potentialAction":[{"@type":"ReadAction","target":["https:\/\/www.adelaneumannova.cz\/index.php\/edie-2\/"]}]},{"@type":"BreadcrumbList","@id":"https:\/\/www.adelaneumannova.cz\/index.php\/edie-2\/#breadcrumb","itemListElement":[{"@type":"ListItem","position":1,"name":"Dom\u016f","item":"https:\/\/www.adelaneumannova.cz\/"},{"@type":"ListItem","position":2,"name":"Edie"}]},{"@type":"WebSite","@id":"https:\/\/www.adelaneumannova.cz\/#website","url":"https:\/\/www.adelaneumannova.cz\/","name":"Ad\u00e9la Neumannov\u00e1","description":"Drez\u00fara","potentialAction":[{"@type":"SearchAction","target":{"@type":"EntryPoint","urlTemplate":"https:\/\/www.adelaneumannova.cz\/?s={search_term_string}"},"query-input":{"@type":"PropertyValueSpecification","valueRequired":true,"valueName":"search_term_string"}}],"inLanguage":"cs"}]}},"_links":{"self":[{"href":"https:\/\/www.adelaneumannova.cz\/index.php\/wp-json\/wp\/v2\/pages\/261","targetHints":{"allow":["GET"]}}],"collection":[{"href":"https:\/\/www.adelaneumannova.cz\/index.php\/wp-json\/wp\/v2\/pages"}],"about":[{"href":"https:\/\/www.adelaneumannova.cz\/index.php\/wp-json\/wp\/v2\/types\/page"}],"author":[{"embeddable":true,"href":"https:\/\/www.adelaneumannova.cz\/index.php\/wp-json\/wp\/v2\/users\/1"}],"replies":[{"embeddable":true,"href":"https:\/\/www.adelaneumannova.cz\/index.php\/wp-json\/wp\/v2\/comments?post=261"}],"version-history":[{"count":5,"href":"https:\/\/www.adelaneumannova.cz\/index.php\/wp-json\/wp\/v2\/pages\/261\/revisions"}],"predecessor-version":[{"id":1201,"href":"https:\/\/www.adelaneumannova.cz\/index.php\/wp-json\/wp\/v2\/pages\/261\/revisions\/1201"}],"wp:attachment":[{"href":"https:\/\/www.adelaneumannova.cz\/index.php\/wp-json\/wp\/v2\/media?parent=261"}],"curies":[{"name":"wp","href":"https:\/\/api.w.org\/{rel}","templated":true}]}}