{"id":34,"date":"2017-11-14T13:29:43","date_gmt":"2017-11-14T13:29:43","guid":{"rendered":"http:\/\/www.adelaneumannova.cz\/?page_id=34"},"modified":"2018-01-13T15:14:59","modified_gmt":"2018-01-13T14:14:59","slug":"fotogalerie","status":"publish","type":"page","link":"https:\/\/www.adelaneumannova.cz\/index.php\/fotogalerie\/","title":{"rendered":"Fotogalerie"},"content":{"rendered":"<p>[et_pb_section fb_built=&#8220;1&#8243; _builder_version=&#8220;3.0.47&#8243;][et_pb_row _builder_version=&#8220;3.0.47&#8243; background_size=&#8220;initial&#8220; background_position=&#8220;top_left&#8220; background_repeat=&#8220;repeat&#8220; custom_padding=&#8220;27px|0px|42px|0px&#8220;][et_pb_column type=&#8220;4_4&#8243; _builder_version=&#8220;3.0.47&#8243; parallax=&#8220;off&#8220; parallax_method=&#8220;on&#8220;][et_pb_image src=&#8220;https:\/\/www.adelaneumannova.cz\/wp-content\/uploads\/2017\/11\/kon_zFue-e1511698965278.jpg&#8220; _builder_version=&#8220;3.0.92&#8243; align=&#8220;center&#8220; always_center_on_mobile=&#8220;off&#8220; max_width=&#8220;79%&#8220; module_alignment=&#8220;center&#8220; max_width_last_edited=&#8220;on|phone&#8220; max_width_tablet=&#8220;73%&#8220; max_width_phone=&#8220;67%&#8220;][\/et_pb_image][\/et_pb_column][\/et_pb_row][\/et_pb_section]<\/p>\n","protected":false},"excerpt":{"rendered":"","protected":false},"author":1,"featured_media":0,"parent":0,"menu_order":0,"comment_status":"closed","ping_status":"closed","template":"","meta":{"_et_pb_use_builder":"on","_et_pb_old_content":"","_et_gb_content_width":"","footnotes":""},"class_list":["post-34","page","type-page","status-publish","hentry"],"yoast_head":"<!-- This site is optimized with the Yoast SEO plugin v27.4 - https:\/\/yoast.com\/product\/yoast-seo-wordpress\/ -->\n<title>Fotogalerie - Ad\u00e9la Neumannov\u00e1<\/title>\n<meta name=\"robots\" content=\"index, follow, max-snippet:-1, max-image-preview:large, max-video-preview:-1\" \/>\n<link rel=\"canonical\" href=\"https:\/\/www.adelaneumannova.cz\/index.php\/fotogalerie\/\" \/>\n<meta property=\"og:locale\" content=\"cs_CZ\" \/>\n<meta property=\"og:type\" content=\"article\" \/>\n<meta property=\"og:title\" content=\"Fotogalerie - Ad\u00e9la Neumannov\u00e1\" \/>\n<meta property=\"og:url\" content=\"https:\/\/www.adelaneumannova.cz\/index.php\/fotogalerie\/\" \/>\n<meta property=\"og:site_name\" content=\"Ad\u00e9la Neumannov\u00e1\" \/>\n<meta property=\"article:modified_time\" content=\"2018-01-13T14:14:59+00:00\" \/>\n<meta name=\"twitter:card\" content=\"summary_large_image\" \/>\n<script type=\"application\/ld+json\" class=\"yoast-schema-graph\">{\"@context\":\"https:\\\/\\\/schema.org\",\"@graph\":[{\"@type\":\"WebPage\",\"@id\":\"https:\\\/\\\/www.adelaneumannova.cz\\\/index.php\\\/fotogalerie\\\/\",\"url\":\"https:\\\/\\\/www.adelaneumannova.cz\\\/index.php\\\/fotogalerie\\\/\",\"name\":\"Fotogalerie - Ad\u00e9la Neumannov\u00e1\",\"isPartOf\":{\"@id\":\"https:\\\/\\\/www.adelaneumannova.cz\\\/#website\"},\"datePublished\":\"2017-11-14T13:29:43+00:00\",\"dateModified\":\"2018-01-13T14:14:59+00:00\",\"breadcrumb\":{\"@id\":\"https:\\\/\\\/www.adelaneumannova.cz\\\/index.php\\\/fotogalerie\\\/#breadcrumb\"},\"inLanguage\":\"cs\",\"potentialAction\":[{\"@type\":\"ReadAction\",\"target\":[\"https:\\\/\\\/www.adelaneumannova.cz\\\/index.php\\\/fotogalerie\\\/\"]}]},{\"@type\":\"BreadcrumbList\",\"@id\":\"https:\\\/\\\/www.adelaneumannova.cz\\\/index.php\\\/fotogalerie\\\/#breadcrumb\",\"itemListElement\":[{\"@type\":\"ListItem\",\"position\":1,\"name\":\"Dom\u016f\",\"item\":\"https:\\\/\\\/www.adelaneumannova.cz\\\/\"},{\"@type\":\"ListItem\",\"position\":2,\"name\":\"Fotogalerie\"}]},{\"@type\":\"WebSite\",\"@id\":\"https:\\\/\\\/www.adelaneumannova.cz\\\/#website\",\"url\":\"https:\\\/\\\/www.adelaneumannova.cz\\\/\",\"name\":\"Ad\u00e9la Neumannov\u00e1\",\"description\":\"Drez\u00fara\",\"potentialAction\":[{\"@type\":\"SearchAction\",\"target\":{\"@type\":\"EntryPoint\",\"urlTemplate\":\"https:\\\/\\\/www.adelaneumannova.cz\\\/?s={search_term_string}\"},\"query-input\":{\"@type\":\"PropertyValueSpecification\",\"valueRequired\":true,\"valueName\":\"search_term_string\"}}],\"inLanguage\":\"cs\"}]}<\/script>\n<!-- \/ Yoast SEO plugin. -->","yoast_head_json":{"title":"Fotogalerie - Ad\u00e9la Neumannov\u00e1","robots":{"index":"index","follow":"follow","max-snippet":"max-snippet:-1","max-image-preview":"max-image-preview:large","max-video-preview":"max-video-preview:-1"},"canonical":"https:\/\/www.adelaneumannova.cz\/index.php\/fotogalerie\/","og_locale":"cs_CZ","og_type":"article","og_title":"Fotogalerie - Ad\u00e9la Neumannov\u00e1","og_url":"https:\/\/www.adelaneumannova.cz\/index.php\/fotogalerie\/","og_site_name":"Ad\u00e9la Neumannov\u00e1","article_modified_time":"2018-01-13T14:14:59+00:00","twitter_card":"summary_large_image","schema":{"@context":"https:\/\/schema.org","@graph":[{"@type":"WebPage","@id":"https:\/\/www.adelaneumannova.cz\/index.php\/fotogalerie\/","url":"https:\/\/www.adelaneumannova.cz\/index.php\/fotogalerie\/","name":"Fotogalerie - Ad\u00e9la Neumannov\u00e1","isPartOf":{"@id":"https:\/\/www.adelaneumannova.cz\/#website"},"datePublished":"2017-11-14T13:29:43+00:00","dateModified":"2018-01-13T14:14:59+00:00","breadcrumb":{"@id":"https:\/\/www.adelaneumannova.cz\/index.php\/fotogalerie\/#breadcrumb"},"inLanguage":"cs","potentialAction":[{"@type":"ReadAction","target":["https:\/\/www.adelaneumannova.cz\/index.php\/fotogalerie\/"]}]},{"@type":"BreadcrumbList","@id":"https:\/\/www.adelaneumannova.cz\/index.php\/fotogalerie\/#breadcrumb","itemListElement":[{"@type":"ListItem","position":1,"name":"Dom\u016f","item":"https:\/\/www.adelaneumannova.cz\/"},{"@type":"ListItem","position":2,"name":"Fotogalerie"}]},{"@type":"WebSite","@id":"https:\/\/www.adelaneumannova.cz\/#website","url":"https:\/\/www.adelaneumannova.cz\/","name":"Ad\u00e9la Neumannov\u00e1","description":"Drez\u00fara","potentialAction":[{"@type":"SearchAction","target":{"@type":"EntryPoint","urlTemplate":"https:\/\/www.adelaneumannova.cz\/?s={search_term_string}"},"query-input":{"@type":"PropertyValueSpecification","valueRequired":true,"valueName":"search_term_string"}}],"inLanguage":"cs"}]}},"_links":{"self":[{"href":"https:\/\/www.adelaneumannova.cz\/index.php\/wp-json\/wp\/v2\/pages\/34","targetHints":{"allow":["GET"]}}],"collection":[{"href":"https:\/\/www.adelaneumannova.cz\/index.php\/wp-json\/wp\/v2\/pages"}],"about":[{"href":"https:\/\/www.adelaneumannova.cz\/index.php\/wp-json\/wp\/v2\/types\/page"}],"author":[{"embeddable":true,"href":"https:\/\/www.adelaneumannova.cz\/index.php\/wp-json\/wp\/v2\/users\/1"}],"replies":[{"embeddable":true,"href":"https:\/\/www.adelaneumannova.cz\/index.php\/wp-json\/wp\/v2\/comments?post=34"}],"version-history":[{"count":5,"href":"https:\/\/www.adelaneumannova.cz\/index.php\/wp-json\/wp\/v2\/pages\/34\/revisions"}],"predecessor-version":[{"id":625,"href":"https:\/\/www.adelaneumannova.cz\/index.php\/wp-json\/wp\/v2\/pages\/34\/revisions\/625"}],"wp:attachment":[{"href":"https:\/\/www.adelaneumannova.cz\/index.php\/wp-json\/wp\/v2\/media?parent=34"}],"curies":[{"name":"wp","href":"https:\/\/api.w.org\/{rel}","templated":true}]}}