{"id":51,"date":"2017-11-14T14:53:27","date_gmt":"2017-11-14T13:53:27","guid":{"rendered":"http:\/\/www.adelaneumannova.cz\/?page_id=51"},"modified":"2026-01-01T18:32:48","modified_gmt":"2026-01-01T17:32:48","slug":"an","status":"publish","type":"page","link":"https:\/\/www.adelaneumannova.cz\/","title":{"rendered":"Ad\u00e9la N."},"content":{"rendered":"<p>[et_pb_section fb_built=&#8220;1&#8243; _builder_version=&#8220;4.16&#8243; custom_padding=&#8220;54px|0px|298px|0px&#8220; global_colors_info=&#8220;{}&#8220;][et_pb_row use_custom_gutter=&#8220;on&#8220; gutter_width=&#8220;4&#8243; make_equal=&#8220;on&#8220; custom_padding_last_edited=&#8220;on|desktop&#8220; _builder_version=&#8220;4.16&#8243; background_size=&#8220;initial&#8220; background_position=&#8220;top_left&#8220; background_repeat=&#8220;repeat&#8220; module_alignment=&#8220;center&#8220; custom_margin=&#8220;|||&#8220; custom_margin_tablet=&#8220;&#8220; custom_margin_phone=&#8220;&#8220; custom_margin_last_edited=&#8220;on|desktop&#8220; custom_padding=&#8220;0px|16px|27px|0px&#8220; custom_padding_tablet=&#8220;&#8220; custom_padding_phone=&#8220;&#8220; hover_enabled=&#8220;0&#8243; border_color_all=&#8220;#e5e5e5&#8243; custom_width_px=&#8220;884px&#8220; global_colors_info=&#8220;{}&#8220; sticky_enabled=&#8220;0&#8243;][et_pb_column type=&#8220;4_4&#8243; _builder_version=&#8220;4.16&#8243; custom_padding=&#8220;|||&#8220; global_colors_info=&#8220;{}&#8220; custom_padding__hover=&#8220;|||&#8220;][et_pb_divider _builder_version=&#8220;4.16&#8243; global_colors_info=&#8220;{}&#8220;][\/et_pb_divider][et_pb_image src=&#8220;https:\/\/www.adelaneumannova.cz\/wp-content\/uploads\/2018\/03\/adela_x.jpg&#8220; align=&#8220;center&#8220; _builder_version=&#8220;4.16&#8243; max_width_tablet=&#8220;&#8220; max_width_phone=&#8220;&#8220; max_width_last_edited=&#8220;on|desktop&#8220; animation_style=&#8220;slide&#8220; always_center_on_mobile=&#8220;off&#8220; global_colors_info=&#8220;{}&#8220;]&nbsp;<br \/>\n[\/et_pb_image][et_pb_text _builder_version=&#8220;4.16&#8243; max_width_tablet=&#8220;&#8220; max_width_phone=&#8220;&#8220; max_width_last_edited=&#8220;on|phone&#8220; global_colors_info=&#8220;{}&#8220;]<\/p>\n<h4 style=\"text-align: center;\"><strong>\u017d\u00e1dn\u00e1 hodina \u017eivota nen\u00ed ztracena, pokud je str\u00e1ven\u00e1 v sedle.\u00a0 Winston Ch.<\/strong><\/h4>\n<h3><\/h3>\n<p>[\/et_pb_text][et_pb_text _builder_version=&#8220;4.27.5&#8243; text_line_height=&#8220;1.5em&#8220; max_width=&#8220;98%&#8220; module_alignment=&#8220;center&#8220; hover_enabled=&#8220;0&#8243; inline_fonts=&#8220;Abhaya Libre&#8220; global_colors_info=&#8220;{}&#8220; sticky_enabled=&#8220;0&#8243;]<\/p>\n<h3 id=\"title\"><strong>Profil jezdce &#8211;<span style=\"font-family: inherit; font-size: large;\"> Ad\u00e9la Neumannov\u00e1<\/span><\/strong><\/h3>\n<div id=\"perex\">\n<div id=\"image\"><\/div>\n<div id=\"perex-content\"><strong>Drezurn\u00ed <span style=\"font-family: 'Abril Fatface'; font-weight: normal;\">jezdkyn\u011b<\/span><\/strong>\u00a0Ad\u00e9la Neumannov\u00e1 za\u010dala s ko\u0148mi, ani\u017e by o tom vlastn\u011b sama rozhodla&#8230; Nyn\u00ed jsou jej\u00edm kon\u00ed\u010dkem a z\u00e1rove\u0148 povol\u00e1n\u00edm, n\u011bkdy jich odjezd\u00ed a\u017e \u0161est za den a dal\u0161\u00ed t\u0159i odtr\u00e9nuje&#8230; Zkr\u00e1tka \u017eije s ko\u0148mi\u00a0&#8222;non-stop&#8220;. Poj\u010fte se o t\u00e9hle talentovan\u00e9 sv\u00e9r\u00e1zn\u00e9 jezdkyni dozv\u011bd\u011bt v\u00edce!\u00a0 \u00a0<a href=\"index.php\/text_1\/?et_fb=1\">V\u00edce informac\u00ed &#8230;<\/a><\/div>\n<\/div>\n<div class=\"info\">\n<div><\/div>\n<div><\/div>\n<\/div>\n<p>[\/et_pb_text][\/et_pb_column][\/et_pb_row][et_pb_row use_custom_gutter=&#8220;on&#8220; gutter_width=&#8220;2&#8243; make_equal=&#8220;on&#8220; _builder_version=&#8220;4.16&#8243; background_size=&#8220;initial&#8220; background_position=&#8220;top_left&#8220; background_repeat=&#8220;repeat&#8220; max_width=&#8220;1161px&#8220; module_alignment=&#8220;center&#8220; custom_padding=&#8220;19px|131px|27px|0px&#8220; animation_style=&#8220;bounce&#8220; hover_enabled=&#8220;0&#8243; use_custom_width=&#8220;on&#8220; custom_width_px=&#8220;1161px&#8220; global_colors_info=&#8220;{}&#8220; sticky_enabled=&#8220;0&#8243;][et_pb_column type=&#8220;4_4&#8243; _builder_version=&#8220;4.16&#8243; custom_padding=&#8220;|||&#8220; global_colors_info=&#8220;{}&#8220; custom_padding__hover=&#8220;|||&#8220;][et_pb_image src=&#8220;https:\/\/www.adelaneumannova.cz\/wp-content\/uploads\/2018\/01\/an_odznak1-1.jpg&#8220; align=&#8220;center&#8220; align_tablet=&#8220;center&#8220; align_last_edited=&#8220;on|desktop&#8220; _builder_version=&#8220;4.16&#8243; max_width=&#8220;39%&#8220; max_width_tablet=&#8220;79%&#8220; max_width_phone=&#8220;78%&#8220; max_width_last_edited=&#8220;on|phone&#8220; module_alignment=&#8220;center&#8220; custom_margin_tablet=&#8220;&#8220; custom_margin_phone=&#8220;|||&#8220; custom_margin_last_edited=&#8220;on|phone&#8220; custom_padding_tablet=&#8220;&#8220; custom_padding_phone=&#8220;|||&#8220; custom_padding_last_edited=&#8220;on|desktop&#8220; animation_style=&#8220;roll&#8220; box_shadow_style=&#8220;preset2&#8243; global_colors_info=&#8220;{}&#8220; align_phone=&#8220;center&#8220;]&nbsp;<br \/>\n[\/et_pb_image][et_pb_text _builder_version=&#8220;4.16&#8243; header_font=&#8220;||||||||&#8220; header_text_align=&#8220;center&#8220; max_width_tablet=&#8220;&#8220; max_width_phone=&#8220;92%&#8220; max_width_last_edited=&#8220;on|desktop&#8220; header_font_size_tablet=&#8220;&#8220; header_font_size_phone=&#8220;&#8220; header_font_size_last_edited=&#8220;on|desktop&#8220; global_colors_info=&#8220;{}&#8220;]<\/p>\n<p style=\"text-align: center;\">\u00a0 \u00a0 \u00a0 <strong>Dr\u017eitelka ZLAT\u00c9HO <\/strong><strong>ODZNAKU v\u00a0 drezu\u0159e.<\/strong>\u00a0<a href=\"index.php\/text_1\/?et_fb=1\">info&#8230;<\/a><\/p>\n<p>[\/et_pb_text][et_pb_divider _builder_version=&#8220;4.16&#8243; global_colors_info=&#8220;{}&#8220;][\/et_pb_divider][\/et_pb_column][\/et_pb_row][\/et_pb_section][et_pb_section fb_built=&#8220;1&#8243; _builder_version=&#8220;4.16&#8243; global_colors_info=&#8220;{}&#8220;][\/et_pb_section]<\/p>\n","protected":false},"excerpt":{"rendered":"<p>&nbsp; \u017d\u00e1dn\u00e1 hodina \u017eivota nen\u00ed ztracena, pokud je str\u00e1ven\u00e1 v sedle.\u00a0 Winston Ch. Profil jezdce &#8211; Ad\u00e9la Neumannov\u00e1 Drezurn\u00ed jezdkyn\u011b\u00a0Ad\u00e9la Neumannov\u00e1 za\u010dala s ko\u0148mi, ani\u017e by o tom vlastn\u011b sama rozhodla&#8230; Nyn\u00ed jsou jej\u00edm kon\u00ed\u010dkem a z\u00e1rove\u0148 povol\u00e1n\u00edm, n\u011bkdy jich odjezd\u00ed a\u017e \u0161est za den a dal\u0161\u00ed t\u0159i odtr\u00e9nuje&#8230; Zkr\u00e1tka \u017eije s ko\u0148mi\u00a0&#8222;non-stop&#8220;. Poj\u010fte se [&hellip;]<\/p>\n","protected":false},"author":1,"featured_media":0,"parent":0,"menu_order":0,"comment_status":"closed","ping_status":"closed","template":"","meta":{"_et_pb_use_builder":"on","_et_pb_old_content":"","_et_gb_content_width":"","footnotes":""},"class_list":["post-51","page","type-page","status-publish","hentry"],"yoast_head":"<!-- This site is optimized with the Yoast SEO plugin v27.4 - https:\/\/yoast.com\/product\/yoast-seo-wordpress\/ -->\n<title>Ad\u00e9la N. - Ad\u00e9la Neumannov\u00e1<\/title>\n<meta name=\"robots\" content=\"index, follow, max-snippet:-1, max-image-preview:large, max-video-preview:-1\" \/>\n<link rel=\"canonical\" href=\"https:\/\/www.adelaneumannova.cz\/\" \/>\n<meta property=\"og:locale\" content=\"cs_CZ\" \/>\n<meta property=\"og:type\" content=\"article\" \/>\n<meta property=\"og:title\" content=\"Ad\u00e9la N. - Ad\u00e9la Neumannov\u00e1\" \/>\n<meta property=\"og:description\" content=\"&nbsp; \u017d\u00e1dn\u00e1 hodina \u017eivota nen\u00ed ztracena, pokud je str\u00e1ven\u00e1 v sedle.\u00a0 Winston Ch. Profil jezdce - Ad\u00e9la Neumannov\u00e1 Drezurn\u00ed jezdkyn\u011b\u00a0Ad\u00e9la Neumannov\u00e1 za\u010dala s ko\u0148mi, ani\u017e by o tom vlastn\u011b sama rozhodla... Nyn\u00ed jsou jej\u00edm kon\u00ed\u010dkem a z\u00e1rove\u0148 povol\u00e1n\u00edm, n\u011bkdy jich odjezd\u00ed a\u017e \u0161est za den a dal\u0161\u00ed t\u0159i odtr\u00e9nuje... Zkr\u00e1tka \u017eije s ko\u0148mi\u00a0&quot;non-stop&quot;. Poj\u010fte se [&hellip;]\" \/>\n<meta property=\"og:url\" content=\"https:\/\/www.adelaneumannova.cz\/\" \/>\n<meta property=\"og:site_name\" content=\"Ad\u00e9la Neumannov\u00e1\" \/>\n<meta property=\"article:modified_time\" content=\"2026-01-01T17:32:48+00:00\" \/>\n<meta name=\"twitter:card\" content=\"summary_large_image\" \/>\n<meta name=\"twitter:label1\" content=\"Odhadovan\u00e1 doba \u010dten\u00ed\" \/>\n\t<meta name=\"twitter:data1\" content=\"3 minuty\" \/>\n<script type=\"application\/ld+json\" class=\"yoast-schema-graph\">{\"@context\":\"https:\\\/\\\/schema.org\",\"@graph\":[{\"@type\":\"WebPage\",\"@id\":\"https:\\\/\\\/www.adelaneumannova.cz\\\/\",\"url\":\"https:\\\/\\\/www.adelaneumannova.cz\\\/\",\"name\":\"Ad\u00e9la N. - Ad\u00e9la Neumannov\u00e1\",\"isPartOf\":{\"@id\":\"https:\\\/\\\/www.adelaneumannova.cz\\\/#website\"},\"datePublished\":\"2017-11-14T13:53:27+00:00\",\"dateModified\":\"2026-01-01T17:32:48+00:00\",\"breadcrumb\":{\"@id\":\"https:\\\/\\\/www.adelaneumannova.cz\\\/#breadcrumb\"},\"inLanguage\":\"cs\",\"potentialAction\":[{\"@type\":\"ReadAction\",\"target\":[\"https:\\\/\\\/www.adelaneumannova.cz\\\/\"]}]},{\"@type\":\"BreadcrumbList\",\"@id\":\"https:\\\/\\\/www.adelaneumannova.cz\\\/#breadcrumb\",\"itemListElement\":[{\"@type\":\"ListItem\",\"position\":1,\"name\":\"Dom\u016f\",\"item\":\"https:\\\/\\\/www.adelaneumannova.cz\\\/\"},{\"@type\":\"ListItem\",\"position\":2,\"name\":\"Ad\u00e9la N.\"}]},{\"@type\":\"WebSite\",\"@id\":\"https:\\\/\\\/www.adelaneumannova.cz\\\/#website\",\"url\":\"https:\\\/\\\/www.adelaneumannova.cz\\\/\",\"name\":\"Ad\u00e9la Neumannov\u00e1\",\"description\":\"Drez\u00fara\",\"potentialAction\":[{\"@type\":\"SearchAction\",\"target\":{\"@type\":\"EntryPoint\",\"urlTemplate\":\"https:\\\/\\\/www.adelaneumannova.cz\\\/?s={search_term_string}\"},\"query-input\":{\"@type\":\"PropertyValueSpecification\",\"valueRequired\":true,\"valueName\":\"search_term_string\"}}],\"inLanguage\":\"cs\"}]}<\/script>\n<!-- \/ Yoast SEO plugin. -->","yoast_head_json":{"title":"Ad\u00e9la N. - Ad\u00e9la Neumannov\u00e1","robots":{"index":"index","follow":"follow","max-snippet":"max-snippet:-1","max-image-preview":"max-image-preview:large","max-video-preview":"max-video-preview:-1"},"canonical":"https:\/\/www.adelaneumannova.cz\/","og_locale":"cs_CZ","og_type":"article","og_title":"Ad\u00e9la N. - Ad\u00e9la Neumannov\u00e1","og_description":"&nbsp; \u017d\u00e1dn\u00e1 hodina \u017eivota nen\u00ed ztracena, pokud je str\u00e1ven\u00e1 v sedle.\u00a0 Winston Ch. Profil jezdce - Ad\u00e9la Neumannov\u00e1 Drezurn\u00ed jezdkyn\u011b\u00a0Ad\u00e9la Neumannov\u00e1 za\u010dala s ko\u0148mi, ani\u017e by o tom vlastn\u011b sama rozhodla... Nyn\u00ed jsou jej\u00edm kon\u00ed\u010dkem a z\u00e1rove\u0148 povol\u00e1n\u00edm, n\u011bkdy jich odjezd\u00ed a\u017e \u0161est za den a dal\u0161\u00ed t\u0159i odtr\u00e9nuje... Zkr\u00e1tka \u017eije s ko\u0148mi\u00a0\"non-stop\". Poj\u010fte se [&hellip;]","og_url":"https:\/\/www.adelaneumannova.cz\/","og_site_name":"Ad\u00e9la Neumannov\u00e1","article_modified_time":"2026-01-01T17:32:48+00:00","twitter_card":"summary_large_image","twitter_misc":{"Odhadovan\u00e1 doba \u010dten\u00ed":"3 minuty"},"schema":{"@context":"https:\/\/schema.org","@graph":[{"@type":"WebPage","@id":"https:\/\/www.adelaneumannova.cz\/","url":"https:\/\/www.adelaneumannova.cz\/","name":"Ad\u00e9la N. - Ad\u00e9la Neumannov\u00e1","isPartOf":{"@id":"https:\/\/www.adelaneumannova.cz\/#website"},"datePublished":"2017-11-14T13:53:27+00:00","dateModified":"2026-01-01T17:32:48+00:00","breadcrumb":{"@id":"https:\/\/www.adelaneumannova.cz\/#breadcrumb"},"inLanguage":"cs","potentialAction":[{"@type":"ReadAction","target":["https:\/\/www.adelaneumannova.cz\/"]}]},{"@type":"BreadcrumbList","@id":"https:\/\/www.adelaneumannova.cz\/#breadcrumb","itemListElement":[{"@type":"ListItem","position":1,"name":"Dom\u016f","item":"https:\/\/www.adelaneumannova.cz\/"},{"@type":"ListItem","position":2,"name":"Ad\u00e9la N."}]},{"@type":"WebSite","@id":"https:\/\/www.adelaneumannova.cz\/#website","url":"https:\/\/www.adelaneumannova.cz\/","name":"Ad\u00e9la Neumannov\u00e1","description":"Drez\u00fara","potentialAction":[{"@type":"SearchAction","target":{"@type":"EntryPoint","urlTemplate":"https:\/\/www.adelaneumannova.cz\/?s={search_term_string}"},"query-input":{"@type":"PropertyValueSpecification","valueRequired":true,"valueName":"search_term_string"}}],"inLanguage":"cs"}]}},"_links":{"self":[{"href":"https:\/\/www.adelaneumannova.cz\/index.php\/wp-json\/wp\/v2\/pages\/51","targetHints":{"allow":["GET"]}}],"collection":[{"href":"https:\/\/www.adelaneumannova.cz\/index.php\/wp-json\/wp\/v2\/pages"}],"about":[{"href":"https:\/\/www.adelaneumannova.cz\/index.php\/wp-json\/wp\/v2\/types\/page"}],"author":[{"embeddable":true,"href":"https:\/\/www.adelaneumannova.cz\/index.php\/wp-json\/wp\/v2\/users\/1"}],"replies":[{"embeddable":true,"href":"https:\/\/www.adelaneumannova.cz\/index.php\/wp-json\/wp\/v2\/comments?post=51"}],"version-history":[{"count":25,"href":"https:\/\/www.adelaneumannova.cz\/index.php\/wp-json\/wp\/v2\/pages\/51\/revisions"}],"predecessor-version":[{"id":1878,"href":"https:\/\/www.adelaneumannova.cz\/index.php\/wp-json\/wp\/v2\/pages\/51\/revisions\/1878"}],"wp:attachment":[{"href":"https:\/\/www.adelaneumannova.cz\/index.php\/wp-json\/wp\/v2\/media?parent=51"}],"curies":[{"name":"wp","href":"https:\/\/api.w.org\/{rel}","templated":true}]}}