{"id":650,"date":"2018-01-16T22:31:47","date_gmt":"2018-01-16T21:31:47","guid":{"rendered":"https:\/\/www.adelaneumannova.cz\/?page_id=650"},"modified":"2018-04-14T23:07:39","modified_gmt":"2018-04-14T21:07:39","slug":"nemcice_13-1-2018","status":"publish","type":"page","link":"https:\/\/www.adelaneumannova.cz\/index.php\/nemcice_13-1-2018\/","title":{"rendered":"N\u011bm\u010dice_13\/1\/2018"},"content":{"rendered":"<p>[et_pb_section fb_built=&#8220;1&#8243; _builder_version=&#8220;3.0.92&#8243; custom_padding=&#8220;0px|0px|207px|0px&#8220;][et_pb_row _builder_version=&#8220;3.0.92&#8243;][et_pb_column type=&#8220;4_4&#8243; _builder_version=&#8220;3.0.92&#8243; parallax=&#8220;off&#8220; parallax_method=&#8220;on&#8220;][et_pb_text _builder_version=&#8220;3.0.92&#8243;]<\/p>\n<p style=\"text-align: center;\">N\u011bm\u010dice 13.1.2018\u00a0 \u00a0\/ foto je z mobilu\u00a0 a bez \u00faprav \/<\/p>\n<p>[\/et_pb_text][\/et_pb_column][\/et_pb_row][et_pb_row _builder_version=&#8220;3.0.92&#8243;][et_pb_column type=&#8220;4_4&#8243; _builder_version=&#8220;3.0.92&#8243; parallax=&#8220;off&#8220; parallax_method=&#8220;on&#8220;][et_pb_gallery gallery_ids=&#8220;686,685,684,683,682,681,680,679,678,677,676,675,674,673,672,671,659,660,661,662,666,665,664,663,667,668,669,670&#8243; gallery_captions=&#8220;dav,dav,mde,dav,dav,dav,dav,dav,dav,dav,dav,dav,dav,,dav,dav,,,,,,,,,,dav,dav,dav&#8220; posts_number=&#8220;20&#8243; show_title_and_caption=&#8220;off&#8220; box_shadow_style_image=&#8220;preset1&#8243; box_shadow_horizontal_image=&#8220;10px&#8220; box_shadow_vertical_image=&#8220;12px&#8220; _builder_version=&#8220;3.0.92&#8243; animation_style=&#8220;fold&#8220;][\/et_pb_gallery][\/et_pb_column][\/et_pb_row][\/et_pb_section]<\/p>\n","protected":false},"excerpt":{"rendered":"<p>N\u011bm\u010dice 13.1.2018\u00a0 \u00a0\/ foto je z mobilu\u00a0 a bez \u00faprav \/<\/p>\n","protected":false},"author":1,"featured_media":0,"parent":0,"menu_order":0,"comment_status":"closed","ping_status":"closed","template":"","meta":{"_et_pb_use_builder":"on","_et_pb_old_content":"","_et_gb_content_width":"","footnotes":""},"class_list":["post-650","page","type-page","status-publish","hentry"],"yoast_head":"<!-- This site is optimized with the Yoast SEO plugin v27.4 - https:\/\/yoast.com\/product\/yoast-seo-wordpress\/ -->\n<title>N\u011bm\u010dice_13\/1\/2018 - Ad\u00e9la Neumannov\u00e1<\/title>\n<meta name=\"robots\" content=\"index, follow, max-snippet:-1, max-image-preview:large, max-video-preview:-1\" \/>\n<link rel=\"canonical\" href=\"https:\/\/www.adelaneumannova.cz\/index.php\/nemcice_13-1-2018\/\" \/>\n<meta property=\"og:locale\" content=\"cs_CZ\" \/>\n<meta property=\"og:type\" content=\"article\" \/>\n<meta property=\"og:title\" content=\"N\u011bm\u010dice_13\/1\/2018 - Ad\u00e9la Neumannov\u00e1\" \/>\n<meta property=\"og:description\" content=\"N\u011bm\u010dice 13.1.2018\u00a0 \u00a0\/ foto je z mobilu\u00a0 a bez \u00faprav \/\" \/>\n<meta property=\"og:url\" content=\"https:\/\/www.adelaneumannova.cz\/index.php\/nemcice_13-1-2018\/\" \/>\n<meta property=\"og:site_name\" content=\"Ad\u00e9la Neumannov\u00e1\" \/>\n<meta property=\"article:modified_time\" content=\"2018-04-14T21:07:39+00:00\" \/>\n<meta name=\"twitter:card\" content=\"summary_large_image\" \/>\n<meta name=\"twitter:label1\" content=\"Odhadovan\u00e1 doba \u010dten\u00ed\" \/>\n\t<meta name=\"twitter:data1\" content=\"1 minuta\" \/>\n<script type=\"application\/ld+json\" class=\"yoast-schema-graph\">{\"@context\":\"https:\\\/\\\/schema.org\",\"@graph\":[{\"@type\":\"WebPage\",\"@id\":\"https:\\\/\\\/www.adelaneumannova.cz\\\/index.php\\\/nemcice_13-1-2018\\\/\",\"url\":\"https:\\\/\\\/www.adelaneumannova.cz\\\/index.php\\\/nemcice_13-1-2018\\\/\",\"name\":\"N\u011bm\u010dice_13\\\/1\\\/2018 - Ad\u00e9la Neumannov\u00e1\",\"isPartOf\":{\"@id\":\"https:\\\/\\\/www.adelaneumannova.cz\\\/#website\"},\"datePublished\":\"2018-01-16T21:31:47+00:00\",\"dateModified\":\"2018-04-14T21:07:39+00:00\",\"breadcrumb\":{\"@id\":\"https:\\\/\\\/www.adelaneumannova.cz\\\/index.php\\\/nemcice_13-1-2018\\\/#breadcrumb\"},\"inLanguage\":\"cs\",\"potentialAction\":[{\"@type\":\"ReadAction\",\"target\":[\"https:\\\/\\\/www.adelaneumannova.cz\\\/index.php\\\/nemcice_13-1-2018\\\/\"]}]},{\"@type\":\"BreadcrumbList\",\"@id\":\"https:\\\/\\\/www.adelaneumannova.cz\\\/index.php\\\/nemcice_13-1-2018\\\/#breadcrumb\",\"itemListElement\":[{\"@type\":\"ListItem\",\"position\":1,\"name\":\"Dom\u016f\",\"item\":\"https:\\\/\\\/www.adelaneumannova.cz\\\/\"},{\"@type\":\"ListItem\",\"position\":2,\"name\":\"N\u011bm\u010dice_13\\\/1\\\/2018\"}]},{\"@type\":\"WebSite\",\"@id\":\"https:\\\/\\\/www.adelaneumannova.cz\\\/#website\",\"url\":\"https:\\\/\\\/www.adelaneumannova.cz\\\/\",\"name\":\"Ad\u00e9la Neumannov\u00e1\",\"description\":\"Drez\u00fara\",\"potentialAction\":[{\"@type\":\"SearchAction\",\"target\":{\"@type\":\"EntryPoint\",\"urlTemplate\":\"https:\\\/\\\/www.adelaneumannova.cz\\\/?s={search_term_string}\"},\"query-input\":{\"@type\":\"PropertyValueSpecification\",\"valueRequired\":true,\"valueName\":\"search_term_string\"}}],\"inLanguage\":\"cs\"}]}<\/script>\n<!-- \/ Yoast SEO plugin. -->","yoast_head_json":{"title":"N\u011bm\u010dice_13\/1\/2018 - Ad\u00e9la Neumannov\u00e1","robots":{"index":"index","follow":"follow","max-snippet":"max-snippet:-1","max-image-preview":"max-image-preview:large","max-video-preview":"max-video-preview:-1"},"canonical":"https:\/\/www.adelaneumannova.cz\/index.php\/nemcice_13-1-2018\/","og_locale":"cs_CZ","og_type":"article","og_title":"N\u011bm\u010dice_13\/1\/2018 - Ad\u00e9la Neumannov\u00e1","og_description":"N\u011bm\u010dice 13.1.2018\u00a0 \u00a0\/ foto je z mobilu\u00a0 a bez \u00faprav \/","og_url":"https:\/\/www.adelaneumannova.cz\/index.php\/nemcice_13-1-2018\/","og_site_name":"Ad\u00e9la Neumannov\u00e1","article_modified_time":"2018-04-14T21:07:39+00:00","twitter_card":"summary_large_image","twitter_misc":{"Odhadovan\u00e1 doba \u010dten\u00ed":"1 minuta"},"schema":{"@context":"https:\/\/schema.org","@graph":[{"@type":"WebPage","@id":"https:\/\/www.adelaneumannova.cz\/index.php\/nemcice_13-1-2018\/","url":"https:\/\/www.adelaneumannova.cz\/index.php\/nemcice_13-1-2018\/","name":"N\u011bm\u010dice_13\/1\/2018 - Ad\u00e9la Neumannov\u00e1","isPartOf":{"@id":"https:\/\/www.adelaneumannova.cz\/#website"},"datePublished":"2018-01-16T21:31:47+00:00","dateModified":"2018-04-14T21:07:39+00:00","breadcrumb":{"@id":"https:\/\/www.adelaneumannova.cz\/index.php\/nemcice_13-1-2018\/#breadcrumb"},"inLanguage":"cs","potentialAction":[{"@type":"ReadAction","target":["https:\/\/www.adelaneumannova.cz\/index.php\/nemcice_13-1-2018\/"]}]},{"@type":"BreadcrumbList","@id":"https:\/\/www.adelaneumannova.cz\/index.php\/nemcice_13-1-2018\/#breadcrumb","itemListElement":[{"@type":"ListItem","position":1,"name":"Dom\u016f","item":"https:\/\/www.adelaneumannova.cz\/"},{"@type":"ListItem","position":2,"name":"N\u011bm\u010dice_13\/1\/2018"}]},{"@type":"WebSite","@id":"https:\/\/www.adelaneumannova.cz\/#website","url":"https:\/\/www.adelaneumannova.cz\/","name":"Ad\u00e9la Neumannov\u00e1","description":"Drez\u00fara","potentialAction":[{"@type":"SearchAction","target":{"@type":"EntryPoint","urlTemplate":"https:\/\/www.adelaneumannova.cz\/?s={search_term_string}"},"query-input":{"@type":"PropertyValueSpecification","valueRequired":true,"valueName":"search_term_string"}}],"inLanguage":"cs"}]}},"_links":{"self":[{"href":"https:\/\/www.adelaneumannova.cz\/index.php\/wp-json\/wp\/v2\/pages\/650","targetHints":{"allow":["GET"]}}],"collection":[{"href":"https:\/\/www.adelaneumannova.cz\/index.php\/wp-json\/wp\/v2\/pages"}],"about":[{"href":"https:\/\/www.adelaneumannova.cz\/index.php\/wp-json\/wp\/v2\/types\/page"}],"author":[{"embeddable":true,"href":"https:\/\/www.adelaneumannova.cz\/index.php\/wp-json\/wp\/v2\/users\/1"}],"replies":[{"embeddable":true,"href":"https:\/\/www.adelaneumannova.cz\/index.php\/wp-json\/wp\/v2\/comments?post=650"}],"version-history":[{"count":5,"href":"https:\/\/www.adelaneumannova.cz\/index.php\/wp-json\/wp\/v2\/pages\/650\/revisions"}],"predecessor-version":[{"id":721,"href":"https:\/\/www.adelaneumannova.cz\/index.php\/wp-json\/wp\/v2\/pages\/650\/revisions\/721"}],"wp:attachment":[{"href":"https:\/\/www.adelaneumannova.cz\/index.php\/wp-json\/wp\/v2\/media?parent=650"}],"curies":[{"name":"wp","href":"https:\/\/api.w.org\/{rel}","templated":true}]}}