{"id":783,"date":"2018-01-19T18:12:19","date_gmt":"2018-01-19T17:12:19","guid":{"rendered":"https:\/\/www.adelaneumannova.cz\/?page_id=783"},"modified":"2018-01-19T18:19:32","modified_gmt":"2018-01-19T17:19:32","slug":"zlaty-odznak","status":"publish","type":"page","link":"https:\/\/www.adelaneumannova.cz\/index.php\/zlaty-odznak\/","title":{"rendered":"Zlat\u00fd odznak"},"content":{"rendered":"<p>[et_pb_section fb_built=&#8220;1&#8243; _builder_version=&#8220;3.0.95&#8243; custom_padding=&#8220;0px|0px|575px|0px&#8220;][et_pb_row _builder_version=&#8220;3.0.95&#8243;][et_pb_column type=&#8220;4_4&#8243; _builder_version=&#8220;3.0.95&#8243; parallax=&#8220;off&#8220; parallax_method=&#8220;on&#8220;][et_pb_text _builder_version=&#8220;3.0.95&#8243;]<\/p>\n<div class=\"et_pb_column et_pb_column_1_2  et_pb_column_4 et_pb_css_mix_blend_mode_passthrough\">\n<div class=\"et_pb_module et_pb_image et-waypoint et_animated et_pb_image_2 et_always_center_on_mobile zoom et-animated\"><\/div>\n<div class=\"et_pb_module et_pb_image et-waypoint et_animated et_pb_image_3 zoom et-animated\"><span class=\"et_pb_image_wrap\"><img decoding=\"async\" alt=\"\" src=\"https:\/\/www.adelaneumannova.cz\/wp-content\/uploads\/2018\/01\/an_odznak1.jpg\" \/><\/span><\/div>\n<\/div>\n<div class=\"et_pb_column et_pb_column_1_2  et_pb_column_5 et_pb_css_mix_blend_mode_passthrough et-last-child\">\n<div class=\"et_pb_text et_pb_module et_pb_bg_layout_light et_pb_text_align_left  et_pb_text_2\">\n<div class=\"et_pb_text_inner\">ZLAT\u00dd ODZNAK<br \/> V drezu\u0159e:<br \/> Obdr\u017e\u00ed jezdci, kte\u0159\u00ed splnili minim\u00e1ln\u011b tyto dv\u011b podm\u00ednky v pr\u016fb\u011bhu max. dvou let po sob\u011b:<br \/> 1) \u2013 um\u00edstili se na M\u010cR stupe\u0148 obt\u00ed\u017enosti min IM-I (min. 10 startuj\u00edc\u00edch) na 1. a 3. m\u00edst\u011b<br \/> nebo<br \/> \u2013 dtto (min. 7 startuj\u00edc\u00edch) na 1. \u2013 2. m\u00edst\u011b<br \/> nebo<br \/> \u2013 dtto (min. 5 startuj\u00edc\u00edch) na 1. m\u00edst\u011b<br \/> 2) \u2013 a um\u00edstili se na MZ (CDI nebo CDIO) v sout\u011b\u017ei min. \u201eSv. Ji\u0159\u00ed\u201c do 7 m\u00edsta (min. 15<br \/> startuj\u00edc\u00edch)<br \/> nebo<br \/> \u2013 se um\u00edstili na ME nebo MS ev. OH do 20. m\u00edsta v sout\u011b\u017ei jednotlivc\u016f a do 6. m\u00edsta<br \/> v sout\u011b\u017ei dru\u017estev<\/div>\n<\/div>\n<\/div>\n<p>[\/et_pb_text][\/et_pb_column][\/et_pb_row][\/et_pb_section]<\/p>\n","protected":false},"excerpt":{"rendered":"<p>ZLAT\u00dd ODZNAK V drezu\u0159e: Obdr\u017e\u00ed jezdci, kte\u0159\u00ed splnili minim\u00e1ln\u011b tyto dv\u011b podm\u00ednky v pr\u016fb\u011bhu max. dvou let po sob\u011b: 1) \u2013 um\u00edstili se na M\u010cR stupe\u0148 obt\u00ed\u017enosti min IM-I (min. 10 startuj\u00edc\u00edch) na 1. a 3. m\u00edst\u011b nebo \u2013 dtto (min. 7 startuj\u00edc\u00edch) na 1. \u2013 2. m\u00edst\u011b nebo \u2013 dtto (min. 5 startuj\u00edc\u00edch) na [&hellip;]<\/p>\n","protected":false},"author":1,"featured_media":0,"parent":0,"menu_order":0,"comment_status":"closed","ping_status":"closed","template":"","meta":{"_et_pb_use_builder":"on","_et_pb_old_content":"","_et_gb_content_width":"","footnotes":""},"class_list":["post-783","page","type-page","status-publish","hentry"],"yoast_head":"<!-- This site is optimized with the Yoast SEO plugin v27.4 - https:\/\/yoast.com\/product\/yoast-seo-wordpress\/ -->\n<title>Zlat\u00fd odznak - Ad\u00e9la Neumannov\u00e1<\/title>\n<meta name=\"robots\" content=\"index, follow, max-snippet:-1, max-image-preview:large, max-video-preview:-1\" \/>\n<link rel=\"canonical\" href=\"https:\/\/www.adelaneumannova.cz\/index.php\/zlaty-odznak\/\" \/>\n<meta property=\"og:locale\" content=\"cs_CZ\" \/>\n<meta property=\"og:type\" content=\"article\" \/>\n<meta property=\"og:title\" content=\"Zlat\u00fd odznak - Ad\u00e9la Neumannov\u00e1\" \/>\n<meta property=\"og:description\" content=\"ZLAT\u00dd ODZNAK V drezu\u0159e: Obdr\u017e\u00ed jezdci, kte\u0159\u00ed splnili minim\u00e1ln\u011b tyto dv\u011b podm\u00ednky v pr\u016fb\u011bhu max. dvou let po sob\u011b: 1) \u2013 um\u00edstili se na M\u010cR stupe\u0148 obt\u00ed\u017enosti min IM-I (min. 10 startuj\u00edc\u00edch) na 1. a 3. m\u00edst\u011b nebo \u2013 dtto (min. 7 startuj\u00edc\u00edch) na 1. \u2013 2. m\u00edst\u011b nebo \u2013 dtto (min. 5 startuj\u00edc\u00edch) na [&hellip;]\" \/>\n<meta property=\"og:url\" content=\"https:\/\/www.adelaneumannova.cz\/index.php\/zlaty-odznak\/\" \/>\n<meta property=\"og:site_name\" content=\"Ad\u00e9la Neumannov\u00e1\" \/>\n<meta property=\"article:modified_time\" content=\"2018-01-19T17:19:32+00:00\" \/>\n<meta property=\"og:image\" content=\"https:\/\/www.adelaneumannova.cz\/wp-content\/uploads\/2018\/01\/an_odznak1.jpg\" \/>\n<meta name=\"twitter:card\" content=\"summary_large_image\" \/>\n<meta name=\"twitter:label1\" content=\"Odhadovan\u00e1 doba \u010dten\u00ed\" \/>\n\t<meta name=\"twitter:data1\" content=\"1 minuta\" \/>\n<script type=\"application\/ld+json\" class=\"yoast-schema-graph\">{\"@context\":\"https:\\\/\\\/schema.org\",\"@graph\":[{\"@type\":\"WebPage\",\"@id\":\"https:\\\/\\\/www.adelaneumannova.cz\\\/index.php\\\/zlaty-odznak\\\/\",\"url\":\"https:\\\/\\\/www.adelaneumannova.cz\\\/index.php\\\/zlaty-odznak\\\/\",\"name\":\"Zlat\u00fd odznak - Ad\u00e9la Neumannov\u00e1\",\"isPartOf\":{\"@id\":\"https:\\\/\\\/www.adelaneumannova.cz\\\/#website\"},\"primaryImageOfPage\":{\"@id\":\"https:\\\/\\\/www.adelaneumannova.cz\\\/index.php\\\/zlaty-odznak\\\/#primaryimage\"},\"image\":{\"@id\":\"https:\\\/\\\/www.adelaneumannova.cz\\\/index.php\\\/zlaty-odznak\\\/#primaryimage\"},\"thumbnailUrl\":\"https:\\\/\\\/www.adelaneumannova.cz\\\/wp-content\\\/uploads\\\/2018\\\/01\\\/an_odznak1.jpg\",\"datePublished\":\"2018-01-19T17:12:19+00:00\",\"dateModified\":\"2018-01-19T17:19:32+00:00\",\"breadcrumb\":{\"@id\":\"https:\\\/\\\/www.adelaneumannova.cz\\\/index.php\\\/zlaty-odznak\\\/#breadcrumb\"},\"inLanguage\":\"cs\",\"potentialAction\":[{\"@type\":\"ReadAction\",\"target\":[\"https:\\\/\\\/www.adelaneumannova.cz\\\/index.php\\\/zlaty-odznak\\\/\"]}]},{\"@type\":\"ImageObject\",\"inLanguage\":\"cs\",\"@id\":\"https:\\\/\\\/www.adelaneumannova.cz\\\/index.php\\\/zlaty-odznak\\\/#primaryimage\",\"url\":\"https:\\\/\\\/www.adelaneumannova.cz\\\/wp-content\\\/uploads\\\/2018\\\/01\\\/an_odznak1.jpg\",\"contentUrl\":\"https:\\\/\\\/www.adelaneumannova.cz\\\/wp-content\\\/uploads\\\/2018\\\/01\\\/an_odznak1.jpg\",\"width\":1568,\"height\":1160},{\"@type\":\"BreadcrumbList\",\"@id\":\"https:\\\/\\\/www.adelaneumannova.cz\\\/index.php\\\/zlaty-odznak\\\/#breadcrumb\",\"itemListElement\":[{\"@type\":\"ListItem\",\"position\":1,\"name\":\"Dom\u016f\",\"item\":\"https:\\\/\\\/www.adelaneumannova.cz\\\/\"},{\"@type\":\"ListItem\",\"position\":2,\"name\":\"Zlat\u00fd odznak\"}]},{\"@type\":\"WebSite\",\"@id\":\"https:\\\/\\\/www.adelaneumannova.cz\\\/#website\",\"url\":\"https:\\\/\\\/www.adelaneumannova.cz\\\/\",\"name\":\"Ad\u00e9la Neumannov\u00e1\",\"description\":\"Drez\u00fara\",\"potentialAction\":[{\"@type\":\"SearchAction\",\"target\":{\"@type\":\"EntryPoint\",\"urlTemplate\":\"https:\\\/\\\/www.adelaneumannova.cz\\\/?s={search_term_string}\"},\"query-input\":{\"@type\":\"PropertyValueSpecification\",\"valueRequired\":true,\"valueName\":\"search_term_string\"}}],\"inLanguage\":\"cs\"}]}<\/script>\n<!-- \/ Yoast SEO plugin. -->","yoast_head_json":{"title":"Zlat\u00fd odznak - Ad\u00e9la Neumannov\u00e1","robots":{"index":"index","follow":"follow","max-snippet":"max-snippet:-1","max-image-preview":"max-image-preview:large","max-video-preview":"max-video-preview:-1"},"canonical":"https:\/\/www.adelaneumannova.cz\/index.php\/zlaty-odznak\/","og_locale":"cs_CZ","og_type":"article","og_title":"Zlat\u00fd odznak - Ad\u00e9la Neumannov\u00e1","og_description":"ZLAT\u00dd ODZNAK V drezu\u0159e: Obdr\u017e\u00ed jezdci, kte\u0159\u00ed splnili minim\u00e1ln\u011b tyto dv\u011b podm\u00ednky v pr\u016fb\u011bhu max. dvou let po sob\u011b: 1) \u2013 um\u00edstili se na M\u010cR stupe\u0148 obt\u00ed\u017enosti min IM-I (min. 10 startuj\u00edc\u00edch) na 1. a 3. m\u00edst\u011b nebo \u2013 dtto (min. 7 startuj\u00edc\u00edch) na 1. \u2013 2. m\u00edst\u011b nebo \u2013 dtto (min. 5 startuj\u00edc\u00edch) na [&hellip;]","og_url":"https:\/\/www.adelaneumannova.cz\/index.php\/zlaty-odznak\/","og_site_name":"Ad\u00e9la Neumannov\u00e1","article_modified_time":"2018-01-19T17:19:32+00:00","og_image":[{"url":"https:\/\/www.adelaneumannova.cz\/wp-content\/uploads\/2018\/01\/an_odznak1.jpg","type":"","width":"","height":""}],"twitter_card":"summary_large_image","twitter_misc":{"Odhadovan\u00e1 doba \u010dten\u00ed":"1 minuta"},"schema":{"@context":"https:\/\/schema.org","@graph":[{"@type":"WebPage","@id":"https:\/\/www.adelaneumannova.cz\/index.php\/zlaty-odznak\/","url":"https:\/\/www.adelaneumannova.cz\/index.php\/zlaty-odznak\/","name":"Zlat\u00fd odznak - Ad\u00e9la Neumannov\u00e1","isPartOf":{"@id":"https:\/\/www.adelaneumannova.cz\/#website"},"primaryImageOfPage":{"@id":"https:\/\/www.adelaneumannova.cz\/index.php\/zlaty-odznak\/#primaryimage"},"image":{"@id":"https:\/\/www.adelaneumannova.cz\/index.php\/zlaty-odznak\/#primaryimage"},"thumbnailUrl":"https:\/\/www.adelaneumannova.cz\/wp-content\/uploads\/2018\/01\/an_odznak1.jpg","datePublished":"2018-01-19T17:12:19+00:00","dateModified":"2018-01-19T17:19:32+00:00","breadcrumb":{"@id":"https:\/\/www.adelaneumannova.cz\/index.php\/zlaty-odznak\/#breadcrumb"},"inLanguage":"cs","potentialAction":[{"@type":"ReadAction","target":["https:\/\/www.adelaneumannova.cz\/index.php\/zlaty-odznak\/"]}]},{"@type":"ImageObject","inLanguage":"cs","@id":"https:\/\/www.adelaneumannova.cz\/index.php\/zlaty-odznak\/#primaryimage","url":"https:\/\/www.adelaneumannova.cz\/wp-content\/uploads\/2018\/01\/an_odznak1.jpg","contentUrl":"https:\/\/www.adelaneumannova.cz\/wp-content\/uploads\/2018\/01\/an_odznak1.jpg","width":1568,"height":1160},{"@type":"BreadcrumbList","@id":"https:\/\/www.adelaneumannova.cz\/index.php\/zlaty-odznak\/#breadcrumb","itemListElement":[{"@type":"ListItem","position":1,"name":"Dom\u016f","item":"https:\/\/www.adelaneumannova.cz\/"},{"@type":"ListItem","position":2,"name":"Zlat\u00fd odznak"}]},{"@type":"WebSite","@id":"https:\/\/www.adelaneumannova.cz\/#website","url":"https:\/\/www.adelaneumannova.cz\/","name":"Ad\u00e9la Neumannov\u00e1","description":"Drez\u00fara","potentialAction":[{"@type":"SearchAction","target":{"@type":"EntryPoint","urlTemplate":"https:\/\/www.adelaneumannova.cz\/?s={search_term_string}"},"query-input":{"@type":"PropertyValueSpecification","valueRequired":true,"valueName":"search_term_string"}}],"inLanguage":"cs"}]}},"_links":{"self":[{"href":"https:\/\/www.adelaneumannova.cz\/index.php\/wp-json\/wp\/v2\/pages\/783","targetHints":{"allow":["GET"]}}],"collection":[{"href":"https:\/\/www.adelaneumannova.cz\/index.php\/wp-json\/wp\/v2\/pages"}],"about":[{"href":"https:\/\/www.adelaneumannova.cz\/index.php\/wp-json\/wp\/v2\/types\/page"}],"author":[{"embeddable":true,"href":"https:\/\/www.adelaneumannova.cz\/index.php\/wp-json\/wp\/v2\/users\/1"}],"replies":[{"embeddable":true,"href":"https:\/\/www.adelaneumannova.cz\/index.php\/wp-json\/wp\/v2\/comments?post=783"}],"version-history":[{"count":2,"href":"https:\/\/www.adelaneumannova.cz\/index.php\/wp-json\/wp\/v2\/pages\/783\/revisions"}],"predecessor-version":[{"id":793,"href":"https:\/\/www.adelaneumannova.cz\/index.php\/wp-json\/wp\/v2\/pages\/783\/revisions\/793"}],"wp:attachment":[{"href":"https:\/\/www.adelaneumannova.cz\/index.php\/wp-json\/wp\/v2\/media?parent=783"}],"curies":[{"name":"wp","href":"https:\/\/api.w.org\/{rel}","templated":true}]}}