{"id":987,"date":"2018-03-03T21:45:10","date_gmt":"2018-03-03T20:45:10","guid":{"rendered":"https:\/\/www.adelaneumannova.cz\/?page_id=987"},"modified":"2018-07-01T18:05:13","modified_gmt":"2018-07-01T16:05:13","slug":"zavody-2","status":"publish","type":"page","link":"https:\/\/www.adelaneumannova.cz\/index.php\/zavody-2\/","title":{"rendered":"Z\u00e1vody"},"content":{"rendered":"<p>[et_pb_section fb_built=&#8220;1&#8243; _builder_version=&#8220;3.0.105&#8243; background_size=&#8220;contain&#8220;][et_pb_row _builder_version=&#8220;3.0.47&#8243; background_size=&#8220;initial&#8220; background_position=&#8220;top_left&#8220; background_repeat=&#8220;repeat&#8220;][et_pb_column type=&#8220;4_4&#8243; _builder_version=&#8220;3.0.47&#8243; parallax=&#8220;off&#8220; parallax_method=&#8220;on&#8220;][et_pb_text _builder_version=&#8220;3.0.105&#8243; max_width_last_edited=&#8220;on|phone&#8220; module_alignment=&#8220;left&#8220;]<\/p>\n<h1><span style=\"color: #808080;\"><strong>Pr\u00e1v\u011b probihaj\u00edc\u00ed z\u00e1vody.<\/strong><\/span><\/h1>\n<pre><strong>\r\n\r\n\r\nN\u00e1zev z\u00e1vod\u016f: \r\n<\/strong>nap\u0159ikl. Mistrovstv\u00ed \u010cR\r\n\r\n<strong>M\u00edsto kon\u00e1n\u00ed:<\/strong>\r\n\r\n<strong>Datum kon\u00e1n\u00ed :<\/strong>\r\n\r\n<strong>\u00daloha 1:<\/strong>\r\nST - nap\u0159.: 64%\/1.m\u00edsto\/Babylon\r\n\r\n<strong>\u00daloha 2:<\/strong>\r\nXX - nap\u0159.: 0%\/0.m\u00edsto\/jm\u00e9no\r\n\r\n<strong>\u00daloha 3:<\/strong>\r\nXX - nap\u0159.: 0%\/0.m\u00edsto\/jm\u00e9no\r\n\r\n<strong>\u00daloha 4:<\/strong>\r\nXX - nap\u0159.: 0%\/0.m\u00edsto\/jm\u00e9no<\/pre>\n<p>[\/et_pb_text][et_pb_text disabled_on=&#8220;off|on|on&#8220; _builder_version=&#8220;3.0.105&#8243;]Fotogalerie z dan\u00e9ho z\u00e1vodu:<br \/>\n[\/et_pb_text][et_pb_gallery gallery_ids=&#8220;962&#8243; posts_number=&#8220;4&#8243; _builder_version=&#8220;3.0.105&#8243; pagination_font=&#8220;||||||||&#8220; pagination_font_size_tablet=&#8220;51&#8243; pagination_line_height_tablet=&#8220;2&#8243; max_width=&#8220;96%&#8220; max_width_tablet=&#8220;92%&#8220; max_width_phone=&#8220;75%&#8220; max_width_last_edited=&#8220;on|desktop&#8220; animation_style=&#8220;roll&#8220; orientation=&#8220;portrait&#8220; module_alignment=&#8220;left&#8220;][\/et_pb_gallery][\/et_pb_column][\/et_pb_row][\/et_pb_section]<\/p>\n","protected":false},"excerpt":{"rendered":"<p>Pr\u00e1v\u011b probihaj\u00edc\u00ed z\u00e1vody. N\u00e1zev z\u00e1vod\u016f: nap\u0159ikl. Mistrovstv\u00ed \u010cR M\u00edsto kon\u00e1n\u00ed: Datum kon\u00e1n\u00ed : \u00daloha 1: ST &#8211; nap\u0159.: 64%\/1.m\u00edsto\/Babylon \u00daloha 2: XX &#8211; nap\u0159.: 0%\/0.m\u00edsto\/jm\u00e9no \u00daloha 3: XX &#8211; nap\u0159.: 0%\/0.m\u00edsto\/jm\u00e9no \u00daloha 4: XX &#8211; nap\u0159.: 0%\/0.m\u00edsto\/jm\u00e9no Fotogalerie z dan\u00e9ho z\u00e1vodu:<\/p>\n","protected":false},"author":1,"featured_media":0,"parent":0,"menu_order":0,"comment_status":"closed","ping_status":"closed","template":"","meta":{"_et_pb_use_builder":"on","_et_pb_old_content":"","_et_gb_content_width":"","footnotes":""},"class_list":["post-987","page","type-page","status-publish","hentry"],"yoast_head":"<!-- This site is optimized with the Yoast SEO plugin v27.4 - https:\/\/yoast.com\/product\/yoast-seo-wordpress\/ -->\n<title>Z\u00e1vody - Ad\u00e9la Neumannov\u00e1<\/title>\n<meta name=\"robots\" content=\"index, follow, max-snippet:-1, max-image-preview:large, max-video-preview:-1\" \/>\n<link rel=\"canonical\" href=\"https:\/\/www.adelaneumannova.cz\/index.php\/zavody-2\/\" \/>\n<meta property=\"og:locale\" content=\"cs_CZ\" \/>\n<meta property=\"og:type\" content=\"article\" \/>\n<meta property=\"og:title\" content=\"Z\u00e1vody - Ad\u00e9la Neumannov\u00e1\" \/>\n<meta property=\"og:description\" content=\"Pr\u00e1v\u011b probihaj\u00edc\u00ed z\u00e1vody. N\u00e1zev z\u00e1vod\u016f: nap\u0159ikl. Mistrovstv\u00ed \u010cR M\u00edsto kon\u00e1n\u00ed: Datum kon\u00e1n\u00ed : \u00daloha 1: ST - nap\u0159.: 64%\/1.m\u00edsto\/Babylon \u00daloha 2: XX - nap\u0159.: 0%\/0.m\u00edsto\/jm\u00e9no \u00daloha 3: XX - nap\u0159.: 0%\/0.m\u00edsto\/jm\u00e9no \u00daloha 4: XX - nap\u0159.: 0%\/0.m\u00edsto\/jm\u00e9no Fotogalerie z dan\u00e9ho z\u00e1vodu:\" \/>\n<meta property=\"og:url\" content=\"https:\/\/www.adelaneumannova.cz\/index.php\/zavody-2\/\" \/>\n<meta property=\"og:site_name\" content=\"Ad\u00e9la Neumannov\u00e1\" \/>\n<meta property=\"article:modified_time\" content=\"2018-07-01T16:05:13+00:00\" \/>\n<meta name=\"twitter:card\" content=\"summary_large_image\" \/>\n<meta name=\"twitter:label1\" content=\"Odhadovan\u00e1 doba \u010dten\u00ed\" \/>\n\t<meta name=\"twitter:data1\" content=\"1 minuta\" \/>\n<script type=\"application\/ld+json\" class=\"yoast-schema-graph\">{\"@context\":\"https:\\\/\\\/schema.org\",\"@graph\":[{\"@type\":\"WebPage\",\"@id\":\"https:\\\/\\\/www.adelaneumannova.cz\\\/index.php\\\/zavody-2\\\/\",\"url\":\"https:\\\/\\\/www.adelaneumannova.cz\\\/index.php\\\/zavody-2\\\/\",\"name\":\"Z\u00e1vody - Ad\u00e9la Neumannov\u00e1\",\"isPartOf\":{\"@id\":\"https:\\\/\\\/www.adelaneumannova.cz\\\/#website\"},\"datePublished\":\"2018-03-03T20:45:10+00:00\",\"dateModified\":\"2018-07-01T16:05:13+00:00\",\"breadcrumb\":{\"@id\":\"https:\\\/\\\/www.adelaneumannova.cz\\\/index.php\\\/zavody-2\\\/#breadcrumb\"},\"inLanguage\":\"cs\",\"potentialAction\":[{\"@type\":\"ReadAction\",\"target\":[\"https:\\\/\\\/www.adelaneumannova.cz\\\/index.php\\\/zavody-2\\\/\"]}]},{\"@type\":\"BreadcrumbList\",\"@id\":\"https:\\\/\\\/www.adelaneumannova.cz\\\/index.php\\\/zavody-2\\\/#breadcrumb\",\"itemListElement\":[{\"@type\":\"ListItem\",\"position\":1,\"name\":\"Dom\u016f\",\"item\":\"https:\\\/\\\/www.adelaneumannova.cz\\\/\"},{\"@type\":\"ListItem\",\"position\":2,\"name\":\"Z\u00e1vody\"}]},{\"@type\":\"WebSite\",\"@id\":\"https:\\\/\\\/www.adelaneumannova.cz\\\/#website\",\"url\":\"https:\\\/\\\/www.adelaneumannova.cz\\\/\",\"name\":\"Ad\u00e9la Neumannov\u00e1\",\"description\":\"Drez\u00fara\",\"potentialAction\":[{\"@type\":\"SearchAction\",\"target\":{\"@type\":\"EntryPoint\",\"urlTemplate\":\"https:\\\/\\\/www.adelaneumannova.cz\\\/?s={search_term_string}\"},\"query-input\":{\"@type\":\"PropertyValueSpecification\",\"valueRequired\":true,\"valueName\":\"search_term_string\"}}],\"inLanguage\":\"cs\"}]}<\/script>\n<!-- \/ Yoast SEO plugin. -->","yoast_head_json":{"title":"Z\u00e1vody - Ad\u00e9la Neumannov\u00e1","robots":{"index":"index","follow":"follow","max-snippet":"max-snippet:-1","max-image-preview":"max-image-preview:large","max-video-preview":"max-video-preview:-1"},"canonical":"https:\/\/www.adelaneumannova.cz\/index.php\/zavody-2\/","og_locale":"cs_CZ","og_type":"article","og_title":"Z\u00e1vody - Ad\u00e9la Neumannov\u00e1","og_description":"Pr\u00e1v\u011b probihaj\u00edc\u00ed z\u00e1vody. N\u00e1zev z\u00e1vod\u016f: nap\u0159ikl. Mistrovstv\u00ed \u010cR M\u00edsto kon\u00e1n\u00ed: Datum kon\u00e1n\u00ed : \u00daloha 1: ST - nap\u0159.: 64%\/1.m\u00edsto\/Babylon \u00daloha 2: XX - nap\u0159.: 0%\/0.m\u00edsto\/jm\u00e9no \u00daloha 3: XX - nap\u0159.: 0%\/0.m\u00edsto\/jm\u00e9no \u00daloha 4: XX - nap\u0159.: 0%\/0.m\u00edsto\/jm\u00e9no Fotogalerie z dan\u00e9ho z\u00e1vodu:","og_url":"https:\/\/www.adelaneumannova.cz\/index.php\/zavody-2\/","og_site_name":"Ad\u00e9la Neumannov\u00e1","article_modified_time":"2018-07-01T16:05:13+00:00","twitter_card":"summary_large_image","twitter_misc":{"Odhadovan\u00e1 doba \u010dten\u00ed":"1 minuta"},"schema":{"@context":"https:\/\/schema.org","@graph":[{"@type":"WebPage","@id":"https:\/\/www.adelaneumannova.cz\/index.php\/zavody-2\/","url":"https:\/\/www.adelaneumannova.cz\/index.php\/zavody-2\/","name":"Z\u00e1vody - Ad\u00e9la Neumannov\u00e1","isPartOf":{"@id":"https:\/\/www.adelaneumannova.cz\/#website"},"datePublished":"2018-03-03T20:45:10+00:00","dateModified":"2018-07-01T16:05:13+00:00","breadcrumb":{"@id":"https:\/\/www.adelaneumannova.cz\/index.php\/zavody-2\/#breadcrumb"},"inLanguage":"cs","potentialAction":[{"@type":"ReadAction","target":["https:\/\/www.adelaneumannova.cz\/index.php\/zavody-2\/"]}]},{"@type":"BreadcrumbList","@id":"https:\/\/www.adelaneumannova.cz\/index.php\/zavody-2\/#breadcrumb","itemListElement":[{"@type":"ListItem","position":1,"name":"Dom\u016f","item":"https:\/\/www.adelaneumannova.cz\/"},{"@type":"ListItem","position":2,"name":"Z\u00e1vody"}]},{"@type":"WebSite","@id":"https:\/\/www.adelaneumannova.cz\/#website","url":"https:\/\/www.adelaneumannova.cz\/","name":"Ad\u00e9la Neumannov\u00e1","description":"Drez\u00fara","potentialAction":[{"@type":"SearchAction","target":{"@type":"EntryPoint","urlTemplate":"https:\/\/www.adelaneumannova.cz\/?s={search_term_string}"},"query-input":{"@type":"PropertyValueSpecification","valueRequired":true,"valueName":"search_term_string"}}],"inLanguage":"cs"}]}},"_links":{"self":[{"href":"https:\/\/www.adelaneumannova.cz\/index.php\/wp-json\/wp\/v2\/pages\/987","targetHints":{"allow":["GET"]}}],"collection":[{"href":"https:\/\/www.adelaneumannova.cz\/index.php\/wp-json\/wp\/v2\/pages"}],"about":[{"href":"https:\/\/www.adelaneumannova.cz\/index.php\/wp-json\/wp\/v2\/types\/page"}],"author":[{"embeddable":true,"href":"https:\/\/www.adelaneumannova.cz\/index.php\/wp-json\/wp\/v2\/users\/1"}],"replies":[{"embeddable":true,"href":"https:\/\/www.adelaneumannova.cz\/index.php\/wp-json\/wp\/v2\/comments?post=987"}],"version-history":[{"count":7,"href":"https:\/\/www.adelaneumannova.cz\/index.php\/wp-json\/wp\/v2\/pages\/987\/revisions"}],"predecessor-version":[{"id":1675,"href":"https:\/\/www.adelaneumannova.cz\/index.php\/wp-json\/wp\/v2\/pages\/987\/revisions\/1675"}],"wp:attachment":[{"href":"https:\/\/www.adelaneumannova.cz\/index.php\/wp-json\/wp\/v2\/media?parent=987"}],"curies":[{"name":"wp","href":"https:\/\/api.w.org\/{rel}","templated":true}]}}